{"id":920,"date":"2023-08-04T15:04:50","date_gmt":"2023-08-04T18:04:50","guid":{"rendered":"http:\/\/dev4.corazzamarketing.ca\/testaments-et-successions\/"},"modified":"2024-07-03T15:47:48","modified_gmt":"2024-07-03T18:47:48","slug":"testaments-et-successions","status":"publish","type":"page","link":"https:\/\/actuslaw.ca\/fr\/testaments-et-successions\/","title":{"rendered":"Testaments et successions"},"content":{"rendered":"<div class=\"gb-container gb-container-30af72ea\">\n<div class=\"gb-container gb-container-7dace7cc\">\n<div class=\"gb-grid-wrapper gb-grid-wrapper-0324992a\">\n<div class=\"gb-grid-column gb-grid-column-21c4903e\"><div class=\"gb-container gb-container-21c4903e\">\n\n<h3 class=\"gb-headline gb-headline-24f89e81 gb-headline-text\">Nous pouvons vous aider dans les cas suivants :<\/h3>\n\n\n\n<ul class=\"wp-block-list\">\n<li><strong>Testaments<\/strong><\/li>\n\n\n\n<li><strong>Successions<\/strong><\/li>\n\n\n\n<li><strong>Procurations<\/strong><\/li>\n\n\n\n<li><strong>Litige<\/strong><\/li>\n<\/ul>\n\n<\/div><\/div>\n\n<div class=\"gb-grid-column gb-grid-column-0275c3d9\"><div class=\"gb-container gb-container-0275c3d9\">\n\n<p>Chez Actus Law Droit, nous avons \u00e9t\u00e9 t\u00e9moins de ce qui se produit lorsque les gens d\u00e9c\u00e8dent sans testament, ou lorsqu\u2019ils laissent un testament non valide. M\u00eame si vous en avez r\u00e9dig\u00e9 un, vous devez le mettre \u00e0 jour de temps \u00e0 autre, surtout si de grands \u00e9v\u00e9nements se produisent dans votre vie, comme la naissance d\u2019un enfant, un divorce, une cohabitation, une acquisition, un d\u00e9marrage d\u2019entreprise et bien d\u2019autres.<\/p>\n\n\n\n<p>Les cons\u00e9quences n\u00e9gatives d\u2019une planification successorale inad\u00e9quate peuvent \u00eatre d\u00e9sastreuses. Personne n\u2019aime discuter de la mort, mais cette planification repr\u00e9sente la fa\u00e7on responsable d\u2019agir. Les testaments permettent d\u2019\u00e9viter un chagrin, une confusion et des d\u00e9penses consid\u00e9rables \u00e0 vos \u00eatres chers. Pour assurer votre tranquillit\u00e9 d\u2019esprit, et celle de vos proches, l\u2019\u00e9quipe d\u2019Actus Law Droit collaborera avec vous pour pr\u00e9parer les documents juridiques n\u00e9cessaires dans l\u2019\u00e9ventualit\u00e9 de votre d\u00e9c\u00e8s (un testament) ou d\u2019une situation qui vous emp\u00eache de g\u00e9rer vos affaires (une procuration). <\/p>\n\n\n\n<p>Il existe de nombreux mythes li\u00e9s aux testaments et aux successions. Saviez-vous que le fait de vous marier annule automatiquement votre testament pr\u00e9c\u00e9dent, mais que le fait d\u2019obtenir un divorce n\u2019a pas le m\u00eame effet? Les anciens conjoints peuvent toujours h\u00e9riter des biens de la personne de qui ils se divorcent, m\u00eame si cette derni\u00e8re ne le souhaite pas \u2014 sauf si elle modifie son testament.   <\/p>\n\n\n\n<p>Nous constatons souvent que la croyance qu\u2019une relation entre conjoints de fait \u00e9quivaut \u00e0 une relation entre personnes mari\u00e9es est l\u2019un des mythes les plus communs et pr\u00e9occupants. C\u2019est faux : les conjoints de fait n\u2019ont aucun droit de succession \u00e0 la suite du d\u00e9c\u00e8s de leur partenaire. Pour cette raison, les testaments sont absolument essentiels chez les couples non mari\u00e9s qui demeurent ensemble en union de fait.  <\/p>\n\n<\/div><\/div>\n<\/div>\n<\/div>\n<\/div>\n<h2 class=\"gb-headline gb-headline-fbdc97e9 gb-headline-text\">Avocats en testaments et successions<\/h2>\n\n<div class=\"gb-grid-wrapper gb-grid-wrapper-d911d59e gb-query-loop-wrapper\">\n<div class=\"gb-grid-column gb-grid-column-4ecff85e gb-query-loop-item post-925 lawyer type-lawyer status-publish has-post-thumbnail hentry practice-area-droit-des-societes-commercial-et-immobilier practice-area-immobilier practice-area-testaments-et-successions\"><div class=\"gb-container gb-container-4ecff85e\">\n<figure class=\"gb-block-image gb-block-image-51cc2ca9\"><a href=\"https:\/\/actuslaw.ca\/fr\/lawyer\/shawn-r-dempsey-c-r\/\"><img loading=\"lazy\" decoding=\"async\" width=\"1520\" height=\"1140\" src=\"https:\/\/actuslaw.ca\/wp-content\/uploads\/2023\/09\/Shawn-Low-Res-online-use.jpg\" class=\"gb-image-51cc2ca9\" alt=\"\" srcset=\"https:\/\/actuslaw.ca\/wp-content\/uploads\/2023\/09\/Shawn-Low-Res-online-use.jpg 1520w, https:\/\/actuslaw.ca\/wp-content\/uploads\/2023\/09\/Shawn-Low-Res-online-use-300x225.jpg 300w, https:\/\/actuslaw.ca\/wp-content\/uploads\/2023\/09\/Shawn-Low-Res-online-use-1024x768.jpg 1024w, https:\/\/actuslaw.ca\/wp-content\/uploads\/2023\/09\/Shawn-Low-Res-online-use-768x576.jpg 768w\" sizes=\"auto, (max-width: 1520px) 100vw, 1520px\" \/><\/a><\/figure>\n\n<h3 class=\"gb-headline gb-headline-e89ae3de gb-headline-text\"><a href=\"https:\/\/actuslaw.ca\/fr\/lawyer\/shawn-r-dempsey-c-r\/\">Shawn R. Dempsey, c.r.<\/a><\/h3>\n<\/div><\/div>\n\n<div class=\"gb-grid-column gb-grid-column-4ecff85e gb-query-loop-item post-931 lawyer type-lawyer status-publish has-post-thumbnail hentry practice-area-litige-et-resolution-de-conflits practice-area-testaments-et-successions\"><div class=\"gb-container gb-container-4ecff85e\">\n<figure class=\"gb-block-image gb-block-image-51cc2ca9\"><a href=\"https:\/\/actuslaw.ca\/fr\/lawyer\/monica-l-barley\/\"><img loading=\"lazy\" decoding=\"async\" width=\"2560\" height=\"1920\" src=\"https:\/\/actuslaw.ca\/wp-content\/uploads\/2023\/09\/MLB-High-Res-print-use-scaled.jpg\" class=\"gb-image-51cc2ca9\" alt=\"\" srcset=\"https:\/\/actuslaw.ca\/wp-content\/uploads\/2023\/09\/MLB-High-Res-print-use-scaled.jpg 2560w, https:\/\/actuslaw.ca\/wp-content\/uploads\/2023\/09\/MLB-High-Res-print-use-300x225.jpg 300w, https:\/\/actuslaw.ca\/wp-content\/uploads\/2023\/09\/MLB-High-Res-print-use-1024x768.jpg 1024w, https:\/\/actuslaw.ca\/wp-content\/uploads\/2023\/09\/MLB-High-Res-print-use-768x576.jpg 768w, https:\/\/actuslaw.ca\/wp-content\/uploads\/2023\/09\/MLB-High-Res-print-use-1536x1152.jpg 1536w, https:\/\/actuslaw.ca\/wp-content\/uploads\/2023\/09\/MLB-High-Res-print-use-2048x1536.jpg 2048w\" sizes=\"auto, (max-width: 2560px) 100vw, 2560px\" \/><\/a><\/figure>\n\n<h3 class=\"gb-headline gb-headline-e89ae3de gb-headline-text\"><a href=\"https:\/\/actuslaw.ca\/fr\/lawyer\/monica-l-barley\/\">Monica L. Barley<\/a><\/h3>\n<\/div><\/div>\n\n<div class=\"gb-grid-column gb-grid-column-4ecff85e gb-query-loop-item post-924 lawyer type-lawyer status-publish has-post-thumbnail hentry practice-area-droit-des-societes-commercial-et-immobilier practice-area-litige-et-resolution-de-conflits practice-area-testaments-et-successions\"><div class=\"gb-container gb-container-4ecff85e\">\n<figure class=\"gb-block-image gb-block-image-51cc2ca9\"><a href=\"https:\/\/actuslaw.ca\/fr\/lawyer\/rene-j-basque-c-r\/\"><img loading=\"lazy\" decoding=\"async\" width=\"1520\" height=\"1140\" src=\"https:\/\/actuslaw.ca\/wp-content\/uploads\/2023\/08\/DDE9922.jpg\" class=\"gb-image-51cc2ca9\" alt=\"\" srcset=\"https:\/\/actuslaw.ca\/wp-content\/uploads\/2023\/08\/DDE9922.jpg 1520w, https:\/\/actuslaw.ca\/wp-content\/uploads\/2023\/08\/DDE9922-300x225.jpg 300w, https:\/\/actuslaw.ca\/wp-content\/uploads\/2023\/08\/DDE9922-1024x768.jpg 1024w, https:\/\/actuslaw.ca\/wp-content\/uploads\/2023\/08\/DDE9922-768x576.jpg 768w\" sizes=\"auto, (max-width: 1520px) 100vw, 1520px\" \/><\/a><\/figure>\n\n<h3 class=\"gb-headline gb-headline-e89ae3de gb-headline-text\"><a href=\"https:\/\/actuslaw.ca\/fr\/lawyer\/rene-j-basque-c-r\/\">Ren\u00e9 J. Basque, c.r.<\/a><\/h3>\n<\/div><\/div>\n\n<div class=\"gb-grid-column gb-grid-column-4ecff85e gb-query-loop-item post-926 lawyer type-lawyer status-publish has-post-thumbnail hentry practice-area-droit-des-societes-commercial-et-immobilier practice-area-immobilier practice-area-testaments-et-successions\"><div class=\"gb-container gb-container-4ecff85e\">\n<figure class=\"gb-block-image gb-block-image-51cc2ca9\"><a href=\"https:\/\/actuslaw.ca\/fr\/lawyer\/marie-christine-pierre\/\"><img loading=\"lazy\" decoding=\"async\" width=\"2560\" height=\"1920\" src=\"https:\/\/actuslaw.ca\/wp-content\/uploads\/2023\/09\/MCP-High-Res-print-use.jpg-2-scaled.jpg\" class=\"gb-image-51cc2ca9\" alt=\"\" srcset=\"https:\/\/actuslaw.ca\/wp-content\/uploads\/2023\/09\/MCP-High-Res-print-use.jpg-2-scaled.jpg 2560w, https:\/\/actuslaw.ca\/wp-content\/uploads\/2023\/09\/MCP-High-Res-print-use.jpg-2-300x225.jpg 300w, https:\/\/actuslaw.ca\/wp-content\/uploads\/2023\/09\/MCP-High-Res-print-use.jpg-2-1024x768.jpg 1024w, https:\/\/actuslaw.ca\/wp-content\/uploads\/2023\/09\/MCP-High-Res-print-use.jpg-2-768x576.jpg 768w, https:\/\/actuslaw.ca\/wp-content\/uploads\/2023\/09\/MCP-High-Res-print-use.jpg-2-1536x1152.jpg 1536w, https:\/\/actuslaw.ca\/wp-content\/uploads\/2023\/09\/MCP-High-Res-print-use.jpg-2-2048x1536.jpg 2048w\" sizes=\"auto, (max-width: 2560px) 100vw, 2560px\" \/><\/a><\/figure>\n\n<h3 class=\"gb-headline gb-headline-e89ae3de gb-headline-text\"><a href=\"https:\/\/actuslaw.ca\/fr\/lawyer\/marie-christine-pierre\/\">Marie-Christine Pierre<\/a><\/h3>\n<\/div><\/div>\n\n<div class=\"gb-grid-column gb-grid-column-4ecff85e gb-query-loop-item post-934 lawyer type-lawyer status-publish has-post-thumbnail hentry practice-area-droit-des-societes-commercial-et-immobilier practice-area-immobilier practice-area-testaments-et-successions\"><div class=\"gb-container gb-container-4ecff85e\">\n<figure class=\"gb-block-image gb-block-image-51cc2ca9\"><a href=\"https:\/\/actuslaw.ca\/fr\/lawyer\/chelsey-brussard\/\"><img loading=\"lazy\" decoding=\"async\" width=\"2560\" height=\"1920\" src=\"https:\/\/actuslaw.ca\/wp-content\/uploads\/2023\/09\/Chelsey-Brussard-High-Res-print-use-scaled.jpg\" class=\"gb-image-51cc2ca9\" alt=\"\" srcset=\"https:\/\/actuslaw.ca\/wp-content\/uploads\/2023\/09\/Chelsey-Brussard-High-Res-print-use-scaled.jpg 2560w, https:\/\/actuslaw.ca\/wp-content\/uploads\/2023\/09\/Chelsey-Brussard-High-Res-print-use-300x225.jpg 300w, https:\/\/actuslaw.ca\/wp-content\/uploads\/2023\/09\/Chelsey-Brussard-High-Res-print-use-1024x768.jpg 1024w, https:\/\/actuslaw.ca\/wp-content\/uploads\/2023\/09\/Chelsey-Brussard-High-Res-print-use-768x576.jpg 768w, https:\/\/actuslaw.ca\/wp-content\/uploads\/2023\/09\/Chelsey-Brussard-High-Res-print-use-1536x1152.jpg 1536w, https:\/\/actuslaw.ca\/wp-content\/uploads\/2023\/09\/Chelsey-Brussard-High-Res-print-use-2048x1536.jpg 2048w\" sizes=\"auto, (max-width: 2560px) 100vw, 2560px\" \/><\/a><\/figure>\n\n<h3 class=\"gb-headline gb-headline-e89ae3de gb-headline-text\"><a href=\"https:\/\/actuslaw.ca\/fr\/lawyer\/chelsey-brussard\/\">Chelsey Brussard<\/a><\/h3>\n<\/div><\/div>\n\n<div class=\"gb-grid-column gb-grid-column-4ecff85e gb-query-loop-item post-1189 lawyer type-lawyer status-publish has-post-thumbnail hentry practice-area-testaments-et-successions\"><div class=\"gb-container gb-container-4ecff85e\">\n<figure class=\"gb-block-image gb-block-image-51cc2ca9\"><a href=\"https:\/\/actuslaw.ca\/fr\/lawyer\/emma-wright\/\"><img loading=\"lazy\" decoding=\"async\" width=\"1520\" height=\"1140\" src=\"https:\/\/actuslaw.ca\/wp-content\/uploads\/2025\/01\/423A7991.jpg\" class=\"gb-image-51cc2ca9\" alt=\"\" srcset=\"https:\/\/actuslaw.ca\/wp-content\/uploads\/2025\/01\/423A7991.jpg 1520w, https:\/\/actuslaw.ca\/wp-content\/uploads\/2025\/01\/423A7991-300x225.jpg 300w, https:\/\/actuslaw.ca\/wp-content\/uploads\/2025\/01\/423A7991-1024x768.jpg 1024w, https:\/\/actuslaw.ca\/wp-content\/uploads\/2025\/01\/423A7991-768x576.jpg 768w\" sizes=\"auto, (max-width: 1520px) 100vw, 1520px\" \/><\/a><\/figure>\n\n<h3 class=\"gb-headline gb-headline-e89ae3de gb-headline-text\"><a href=\"https:\/\/actuslaw.ca\/fr\/lawyer\/emma-wright\/\">Emma Wright<\/a><\/h3>\n<\/div><\/div>\n<\/div>\n","protected":false},"excerpt":{"rendered":"<p>Avocats en testaments et successions<\/p>\n","protected":false},"author":2,"featured_media":0,"parent":0,"menu_order":0,"comment_status":"closed","ping_status":"closed","template":"","meta":{"_acf_changed":false,"footnotes":""},"class_list":["post-920","page","type-page","status-publish"],"acf":[],"yoast_head":"<!-- This site is optimized with the Yoast SEO plugin v27.4 - https:\/\/yoast.com\/product\/yoast-seo-wordpress\/ -->\n<title>Testaments et successions - Actus Law Droit<\/title>\n<meta name=\"robots\" content=\"index, follow, max-snippet:-1, max-image-preview:large, max-video-preview:-1\" \/>\n<link rel=\"canonical\" href=\"https:\/\/actuslaw.ca\/fr\/testaments-et-successions\/\" \/>\n<meta property=\"og:locale\" content=\"fr_FR\" \/>\n<meta property=\"og:type\" content=\"article\" \/>\n<meta property=\"og:title\" content=\"Testaments et successions - Actus Law Droit\" \/>\n<meta property=\"og:description\" content=\"Avocats en testaments et successions\" \/>\n<meta property=\"og:url\" content=\"https:\/\/actuslaw.ca\/fr\/testaments-et-successions\/\" \/>\n<meta property=\"og:site_name\" content=\"Actus Law Droit\" \/>\n<meta property=\"article:publisher\" content=\"https:\/\/www.facebook.com\/actuslawdroit\/\" \/>\n<meta property=\"article:modified_time\" content=\"2024-07-03T18:47:48+00:00\" \/>\n<meta name=\"twitter:card\" content=\"summary_large_image\" \/>\n<meta name=\"twitter:label1\" content=\"Dur\u00e9e de lecture estim\u00e9e\" \/>\n\t<meta name=\"twitter:data1\" content=\"2 minutes\" \/>\n<script type=\"application\/ld+json\" class=\"yoast-schema-graph\">{\"@context\":\"https:\\\/\\\/schema.org\",\"@graph\":[{\"@type\":\"WebPage\",\"@id\":\"https:\\\/\\\/actuslaw.ca\\\/fr\\\/testaments-et-successions\\\/\",\"url\":\"https:\\\/\\\/actuslaw.ca\\\/fr\\\/testaments-et-successions\\\/\",\"name\":\"Testaments et successions - Actus Law Droit\",\"isPartOf\":{\"@id\":\"https:\\\/\\\/actuslaw.ca\\\/fr\\\/#website\"},\"datePublished\":\"2023-08-04T18:04:50+00:00\",\"dateModified\":\"2024-07-03T18:47:48+00:00\",\"breadcrumb\":{\"@id\":\"https:\\\/\\\/actuslaw.ca\\\/fr\\\/testaments-et-successions\\\/#breadcrumb\"},\"inLanguage\":\"fr-FR\",\"potentialAction\":[{\"@type\":\"ReadAction\",\"target\":[\"https:\\\/\\\/actuslaw.ca\\\/fr\\\/testaments-et-successions\\\/\"]}]},{\"@type\":\"BreadcrumbList\",\"@id\":\"https:\\\/\\\/actuslaw.ca\\\/fr\\\/testaments-et-successions\\\/#breadcrumb\",\"itemListElement\":[{\"@type\":\"ListItem\",\"position\":1,\"name\":\"Home\",\"item\":\"https:\\\/\\\/actuslaw.ca\\\/fr\\\/\"},{\"@type\":\"ListItem\",\"position\":2,\"name\":\"Testaments et successions\"}]},{\"@type\":\"WebSite\",\"@id\":\"https:\\\/\\\/actuslaw.ca\\\/fr\\\/#website\",\"url\":\"https:\\\/\\\/actuslaw.ca\\\/fr\\\/\",\"name\":\"Actus Law Droit\",\"description\":\"\",\"publisher\":{\"@id\":\"https:\\\/\\\/actuslaw.ca\\\/fr\\\/#organization\"},\"potentialAction\":[{\"@type\":\"SearchAction\",\"target\":{\"@type\":\"EntryPoint\",\"urlTemplate\":\"https:\\\/\\\/actuslaw.ca\\\/fr\\\/?s={search_term_string}\"},\"query-input\":{\"@type\":\"PropertyValueSpecification\",\"valueRequired\":true,\"valueName\":\"search_term_string\"}}],\"inLanguage\":\"fr-FR\"},{\"@type\":\"Organization\",\"@id\":\"https:\\\/\\\/actuslaw.ca\\\/fr\\\/#organization\",\"name\":\"Actus Law Droit\",\"url\":\"https:\\\/\\\/actuslaw.ca\\\/fr\\\/\",\"logo\":{\"@type\":\"ImageObject\",\"inLanguage\":\"fr-FR\",\"@id\":\"https:\\\/\\\/actuslaw.ca\\\/fr\\\/#\\\/schema\\\/logo\\\/image\\\/\",\"url\":\"https:\\\/\\\/actuslaw.ca\\\/wp-content\\\/uploads\\\/2023\\\/06\\\/actus-logo-vector.svg\",\"contentUrl\":\"https:\\\/\\\/actuslaw.ca\\\/wp-content\\\/uploads\\\/2023\\\/06\\\/actus-logo-vector.svg\",\"width\":633,\"height\":345,\"caption\":\"Actus Law Droit\"},\"image\":{\"@id\":\"https:\\\/\\\/actuslaw.ca\\\/fr\\\/#\\\/schema\\\/logo\\\/image\\\/\"},\"sameAs\":[\"https:\\\/\\\/www.facebook.com\\\/actuslawdroit\\\/\"]}]}<\/script>\n<!-- \/ Yoast SEO plugin. -->","yoast_head_json":{"title":"Testaments et successions - Actus Law Droit","robots":{"index":"index","follow":"follow","max-snippet":"max-snippet:-1","max-image-preview":"max-image-preview:large","max-video-preview":"max-video-preview:-1"},"canonical":"https:\/\/actuslaw.ca\/fr\/testaments-et-successions\/","og_locale":"fr_FR","og_type":"article","og_title":"Testaments et successions - Actus Law Droit","og_description":"Avocats en testaments et successions","og_url":"https:\/\/actuslaw.ca\/fr\/testaments-et-successions\/","og_site_name":"Actus Law Droit","article_publisher":"https:\/\/www.facebook.com\/actuslawdroit\/","article_modified_time":"2024-07-03T18:47:48+00:00","twitter_card":"summary_large_image","twitter_misc":{"Dur\u00e9e de lecture estim\u00e9e":"2 minutes"},"schema":{"@context":"https:\/\/schema.org","@graph":[{"@type":"WebPage","@id":"https:\/\/actuslaw.ca\/fr\/testaments-et-successions\/","url":"https:\/\/actuslaw.ca\/fr\/testaments-et-successions\/","name":"Testaments et successions - Actus Law Droit","isPartOf":{"@id":"https:\/\/actuslaw.ca\/fr\/#website"},"datePublished":"2023-08-04T18:04:50+00:00","dateModified":"2024-07-03T18:47:48+00:00","breadcrumb":{"@id":"https:\/\/actuslaw.ca\/fr\/testaments-et-successions\/#breadcrumb"},"inLanguage":"fr-FR","potentialAction":[{"@type":"ReadAction","target":["https:\/\/actuslaw.ca\/fr\/testaments-et-successions\/"]}]},{"@type":"BreadcrumbList","@id":"https:\/\/actuslaw.ca\/fr\/testaments-et-successions\/#breadcrumb","itemListElement":[{"@type":"ListItem","position":1,"name":"Home","item":"https:\/\/actuslaw.ca\/fr\/"},{"@type":"ListItem","position":2,"name":"Testaments et successions"}]},{"@type":"WebSite","@id":"https:\/\/actuslaw.ca\/fr\/#website","url":"https:\/\/actuslaw.ca\/fr\/","name":"Actus Law Droit","description":"","publisher":{"@id":"https:\/\/actuslaw.ca\/fr\/#organization"},"potentialAction":[{"@type":"SearchAction","target":{"@type":"EntryPoint","urlTemplate":"https:\/\/actuslaw.ca\/fr\/?s={search_term_string}"},"query-input":{"@type":"PropertyValueSpecification","valueRequired":true,"valueName":"search_term_string"}}],"inLanguage":"fr-FR"},{"@type":"Organization","@id":"https:\/\/actuslaw.ca\/fr\/#organization","name":"Actus Law Droit","url":"https:\/\/actuslaw.ca\/fr\/","logo":{"@type":"ImageObject","inLanguage":"fr-FR","@id":"https:\/\/actuslaw.ca\/fr\/#\/schema\/logo\/image\/","url":"https:\/\/actuslaw.ca\/wp-content\/uploads\/2023\/06\/actus-logo-vector.svg","contentUrl":"https:\/\/actuslaw.ca\/wp-content\/uploads\/2023\/06\/actus-logo-vector.svg","width":633,"height":345,"caption":"Actus Law Droit"},"image":{"@id":"https:\/\/actuslaw.ca\/fr\/#\/schema\/logo\/image\/"},"sameAs":["https:\/\/www.facebook.com\/actuslawdroit\/"]}]}},"_links":{"self":[{"href":"https:\/\/actuslaw.ca\/fr\/wp-json\/wp\/v2\/pages\/920","targetHints":{"allow":["GET"]}}],"collection":[{"href":"https:\/\/actuslaw.ca\/fr\/wp-json\/wp\/v2\/pages"}],"about":[{"href":"https:\/\/actuslaw.ca\/fr\/wp-json\/wp\/v2\/types\/page"}],"author":[{"embeddable":true,"href":"https:\/\/actuslaw.ca\/fr\/wp-json\/wp\/v2\/users\/2"}],"replies":[{"embeddable":true,"href":"https:\/\/actuslaw.ca\/fr\/wp-json\/wp\/v2\/comments?post=920"}],"version-history":[{"count":6,"href":"https:\/\/actuslaw.ca\/fr\/wp-json\/wp\/v2\/pages\/920\/revisions"}],"predecessor-version":[{"id":1159,"href":"https:\/\/actuslaw.ca\/fr\/wp-json\/wp\/v2\/pages\/920\/revisions\/1159"}],"wp:attachment":[{"href":"https:\/\/actuslaw.ca\/fr\/wp-json\/wp\/v2\/media?parent=920"}],"curies":[{"name":"wp","href":"https:\/\/api.w.org\/{rel}","templated":true}]}}