{"id":905,"date":"2023-08-04T15:04:50","date_gmt":"2023-08-04T18:04:50","guid":{"rendered":"http:\/\/dev4.corazzamarketing.ca\/litige-et-resolution-de-conflits\/"},"modified":"2024-07-03T15:47:03","modified_gmt":"2024-07-03T18:47:03","slug":"litige-et-resolution-de-conflits","status":"publish","type":"page","link":"https:\/\/actuslaw.ca\/fr\/litige-et-resolution-de-conflits\/","title":{"rendered":"Litige et r\u00e9solution de conflits"},"content":{"rendered":"<div class=\"gb-container gb-container-30af72ea\">\n<div class=\"gb-container gb-container-7dace7cc\">\n<div class=\"gb-grid-wrapper gb-grid-wrapper-0324992a\">\n<div class=\"gb-grid-column gb-grid-column-21c4903e\"><div class=\"gb-container gb-container-21c4903e\">\n\n<h3 class=\"gb-headline gb-headline-24f89e81 gb-headline-text\">Nous traitons tous les dossiers de ce domaine, notamment :<\/h3>\n\n\n\n<ul class=\"wp-block-list\">\n<li><strong>Litige commercial<\/strong><\/li>\n\n\n\n<li><strong>Assurances et blessures corporelles<\/strong><\/li>\n\n\n\n<li><strong>Droit de l&#8217;emploi<\/strong><\/li>\n\n\n\n<li><strong>Droit administratif<\/strong><\/li>\n\n\n\n<li><strong>Litige de la construction<\/strong><\/li>\n\n\n\n<li><strong>Faillite et insolvabilit\u00e9<\/strong><\/li>\n<\/ul>\n\n<\/div><\/div>\n\n<div class=\"gb-grid-column gb-grid-column-0275c3d9\"><div class=\"gb-container gb-container-0275c3d9\">\n\n<p>Tous les jours, notre \u00e9quipe d\u2019experts en litige et en r\u00e9solution de conflits d\u2019Actus Law Droit aide des personnes et des entreprises \u00e0 r\u00e9gler des diff\u00e9rends. Nous connaissons tr\u00e8s bien les moyens qui permettront \u00e0 nos clients de conclure des ententes, notamment, par l&rsquo;entremise d&rsquo;un r\u00e8glement extrajudiciaire des diff\u00e9rends et la m\u00e9diation. En dernier recours, nos avocats plaidants chevronn\u00e9s porteront l\u2019affaire devant les tribunaux, mais uniquement si cette option est n\u00e9cessaire. <\/p>\n\n\n\n<p>Puisque de nombreux cas de litige touchent souvent \u00e0 plusieurs domaines du droit, nous demanderons conseil \u00e0 nos coll\u00e8gues de cabinets sp\u00e9cialis\u00e9s afin de veiller \u00e0 ce que votre affaire soit r\u00e9gl\u00e9e de mani\u00e8re efficace et rentable, et en temps opportun. Aucun dossier n&rsquo;est trop simple ou trop complexe. <\/p>\n\n\n\n<p>Nous travaillons en \u00e9troite collaboration avec nos clients afin de fixer les attentes et le budget. Notre objectif principal consiste \u00e0 aider nos clients \u00e0 \u00e9viter les conflits, et ce, dans la mesure du possible.  <\/p>\n\n\n\n<p>Nous agissons en tant que conseillers de nos clients et nous \u00e9laborons avec vous une strat\u00e9gie pour r\u00e9soudre votre probl\u00e8me. Il n&rsquo;y a pas deux probl\u00e8mes identiques, mais nous sommes souvent en mesure de nous inspirer de cas similaires que nous avons trait\u00e9s dans le pass\u00e9 et d&rsquo;appliquer cette exp\u00e9rience \u00e0 votre situation d&rsquo;une mani\u00e8re personnalis\u00e9e et rentable.<\/p>\n\n<\/div><\/div>\n<\/div>\n<\/div>\n<\/div>\n<h2 class=\"gb-headline gb-headline-fbdc97e9 gb-headline-text\">Avocats en litige et r\u00e9solution de conflits<\/h2>\n\n<div class=\"gb-grid-wrapper gb-grid-wrapper-d911d59e gb-query-loop-wrapper\">\n<div class=\"gb-grid-column gb-grid-column-4ecff85e gb-query-loop-item post-928 lawyer type-lawyer status-publish has-post-thumbnail hentry practice-area-assurances-blessures-corporelles practice-area-droit-des-societes-commercial-et-immobilier practice-area-litige-et-resolution-de-conflits\"><div class=\"gb-container gb-container-4ecff85e\">\n<figure class=\"gb-block-image gb-block-image-51cc2ca9\"><a href=\"https:\/\/actuslaw.ca\/fr\/lawyer\/robert-goguen-c-r\/\"><img loading=\"lazy\" decoding=\"async\" width=\"2560\" height=\"1920\" src=\"https:\/\/actuslaw.ca\/wp-content\/uploads\/2023\/09\/robert-goguen-scaled.jpg\" class=\"gb-image-51cc2ca9\" alt=\"\" srcset=\"https:\/\/actuslaw.ca\/wp-content\/uploads\/2023\/09\/robert-goguen-scaled.jpg 2560w, https:\/\/actuslaw.ca\/wp-content\/uploads\/2023\/09\/robert-goguen-300x225.jpg 300w, https:\/\/actuslaw.ca\/wp-content\/uploads\/2023\/09\/robert-goguen-1024x768.jpg 1024w, https:\/\/actuslaw.ca\/wp-content\/uploads\/2023\/09\/robert-goguen-768x576.jpg 768w, https:\/\/actuslaw.ca\/wp-content\/uploads\/2023\/09\/robert-goguen-1536x1152.jpg 1536w, https:\/\/actuslaw.ca\/wp-content\/uploads\/2023\/09\/robert-goguen-2048x1536.jpg 2048w\" sizes=\"auto, (max-width: 2560px) 100vw, 2560px\" \/><\/a><\/figure>\n\n<h3 class=\"gb-headline gb-headline-e89ae3de gb-headline-text\"><a href=\"https:\/\/actuslaw.ca\/fr\/lawyer\/robert-goguen-c-r\/\">Robert R. Goguen, c.r.<\/a><\/h3>\n<\/div><\/div>\n\n<div class=\"gb-grid-column gb-grid-column-4ecff85e gb-query-loop-item post-931 lawyer type-lawyer status-publish has-post-thumbnail hentry practice-area-litige-et-resolution-de-conflits practice-area-testaments-et-successions\"><div class=\"gb-container gb-container-4ecff85e\">\n<figure class=\"gb-block-image gb-block-image-51cc2ca9\"><a href=\"https:\/\/actuslaw.ca\/fr\/lawyer\/monica-l-barley\/\"><img loading=\"lazy\" decoding=\"async\" width=\"2560\" height=\"1920\" src=\"https:\/\/actuslaw.ca\/wp-content\/uploads\/2023\/09\/MLB-High-Res-print-use-scaled.jpg\" class=\"gb-image-51cc2ca9\" alt=\"\" srcset=\"https:\/\/actuslaw.ca\/wp-content\/uploads\/2023\/09\/MLB-High-Res-print-use-scaled.jpg 2560w, https:\/\/actuslaw.ca\/wp-content\/uploads\/2023\/09\/MLB-High-Res-print-use-300x225.jpg 300w, https:\/\/actuslaw.ca\/wp-content\/uploads\/2023\/09\/MLB-High-Res-print-use-1024x768.jpg 1024w, https:\/\/actuslaw.ca\/wp-content\/uploads\/2023\/09\/MLB-High-Res-print-use-768x576.jpg 768w, https:\/\/actuslaw.ca\/wp-content\/uploads\/2023\/09\/MLB-High-Res-print-use-1536x1152.jpg 1536w, https:\/\/actuslaw.ca\/wp-content\/uploads\/2023\/09\/MLB-High-Res-print-use-2048x1536.jpg 2048w\" sizes=\"auto, (max-width: 2560px) 100vw, 2560px\" \/><\/a><\/figure>\n\n<h3 class=\"gb-headline gb-headline-e89ae3de gb-headline-text\"><a href=\"https:\/\/actuslaw.ca\/fr\/lawyer\/monica-l-barley\/\">Monica L. Barley<\/a><\/h3>\n<\/div><\/div>\n\n<div class=\"gb-grid-column gb-grid-column-4ecff85e gb-query-loop-item post-924 lawyer type-lawyer status-publish has-post-thumbnail hentry practice-area-droit-des-societes-commercial-et-immobilier practice-area-litige-et-resolution-de-conflits practice-area-testaments-et-successions\"><div class=\"gb-container gb-container-4ecff85e\">\n<figure class=\"gb-block-image gb-block-image-51cc2ca9\"><a href=\"https:\/\/actuslaw.ca\/fr\/lawyer\/rene-j-basque-c-r\/\"><img loading=\"lazy\" decoding=\"async\" width=\"1520\" height=\"1140\" src=\"https:\/\/actuslaw.ca\/wp-content\/uploads\/2023\/08\/DDE9922.jpg\" class=\"gb-image-51cc2ca9\" alt=\"\" srcset=\"https:\/\/actuslaw.ca\/wp-content\/uploads\/2023\/08\/DDE9922.jpg 1520w, https:\/\/actuslaw.ca\/wp-content\/uploads\/2023\/08\/DDE9922-300x225.jpg 300w, https:\/\/actuslaw.ca\/wp-content\/uploads\/2023\/08\/DDE9922-1024x768.jpg 1024w, https:\/\/actuslaw.ca\/wp-content\/uploads\/2023\/08\/DDE9922-768x576.jpg 768w\" sizes=\"auto, (max-width: 1520px) 100vw, 1520px\" \/><\/a><\/figure>\n\n<h3 class=\"gb-headline gb-headline-e89ae3de gb-headline-text\"><a href=\"https:\/\/actuslaw.ca\/fr\/lawyer\/rene-j-basque-c-r\/\">Ren\u00e9 J. Basque, c.r.<\/a><\/h3>\n<\/div><\/div>\n\n<div class=\"gb-grid-column gb-grid-column-4ecff85e gb-query-loop-item post-933 lawyer type-lawyer status-publish has-post-thumbnail hentry practice-area-litige-et-resolution-de-conflits\"><div class=\"gb-container gb-container-4ecff85e\">\n<figure class=\"gb-block-image gb-block-image-51cc2ca9\"><a href=\"https:\/\/actuslaw.ca\/fr\/lawyer\/enrico-scichilone\/\"><img loading=\"lazy\" decoding=\"async\" width=\"2560\" height=\"1920\" src=\"https:\/\/actuslaw.ca\/wp-content\/uploads\/2023\/09\/DD73326-scaled.jpg\" class=\"gb-image-51cc2ca9\" alt=\"\" srcset=\"https:\/\/actuslaw.ca\/wp-content\/uploads\/2023\/09\/DD73326-scaled.jpg 2560w, https:\/\/actuslaw.ca\/wp-content\/uploads\/2023\/09\/DD73326-300x225.jpg 300w, https:\/\/actuslaw.ca\/wp-content\/uploads\/2023\/09\/DD73326-1024x768.jpg 1024w, https:\/\/actuslaw.ca\/wp-content\/uploads\/2023\/09\/DD73326-768x576.jpg 768w, https:\/\/actuslaw.ca\/wp-content\/uploads\/2023\/09\/DD73326-1536x1152.jpg 1536w, https:\/\/actuslaw.ca\/wp-content\/uploads\/2023\/09\/DD73326-2048x1536.jpg 2048w\" sizes=\"auto, (max-width: 2560px) 100vw, 2560px\" \/><\/a><\/figure>\n\n<h3 class=\"gb-headline gb-headline-e89ae3de gb-headline-text\"><a href=\"https:\/\/actuslaw.ca\/fr\/lawyer\/enrico-scichilone\/\">Enrico A. Scichilone<\/a><\/h3>\n<\/div><\/div>\n\n<div class=\"gb-grid-column gb-grid-column-4ecff85e gb-query-loop-item post-930 lawyer type-lawyer status-publish has-post-thumbnail hentry practice-area-assurances-blessures-corporelles practice-area-droit-municipal practice-area-litige-et-resolution-de-conflits\"><div class=\"gb-container gb-container-4ecff85e\">\n<figure class=\"gb-block-image gb-block-image-51cc2ca9\"><a href=\"https:\/\/actuslaw.ca\/fr\/lawyer\/nicholas-otoole\/\"><img loading=\"lazy\" decoding=\"async\" width=\"1520\" height=\"1140\" src=\"https:\/\/actuslaw.ca\/wp-content\/uploads\/2023\/09\/Nick-Low-Res-online-use.jpg\" class=\"gb-image-51cc2ca9\" alt=\"\" srcset=\"https:\/\/actuslaw.ca\/wp-content\/uploads\/2023\/09\/Nick-Low-Res-online-use.jpg 1520w, https:\/\/actuslaw.ca\/wp-content\/uploads\/2023\/09\/Nick-Low-Res-online-use-300x225.jpg 300w, https:\/\/actuslaw.ca\/wp-content\/uploads\/2023\/09\/Nick-Low-Res-online-use-1024x768.jpg 1024w, https:\/\/actuslaw.ca\/wp-content\/uploads\/2023\/09\/Nick-Low-Res-online-use-768x576.jpg 768w\" sizes=\"auto, (max-width: 1520px) 100vw, 1520px\" \/><\/a><\/figure>\n\n<h3 class=\"gb-headline gb-headline-e89ae3de gb-headline-text\"><a href=\"https:\/\/actuslaw.ca\/fr\/lawyer\/nicholas-otoole\/\">Nicholas O&rsquo;Toole<\/a><\/h3>\n<\/div><\/div>\n<\/div>\n","protected":false},"excerpt":{"rendered":"<p>Avocats en litige et r\u00e9solution de conflits<\/p>\n","protected":false},"author":2,"featured_media":0,"parent":0,"menu_order":0,"comment_status":"closed","ping_status":"closed","template":"","meta":{"_acf_changed":false,"footnotes":""},"class_list":["post-905","page","type-page","status-publish"],"acf":[],"yoast_head":"<!-- This site is optimized with the Yoast SEO plugin v27.4 - https:\/\/yoast.com\/product\/yoast-seo-wordpress\/ -->\n<title>Litige et r\u00e9solution de conflits - Actus Law Droit<\/title>\n<meta name=\"robots\" content=\"index, follow, max-snippet:-1, max-image-preview:large, max-video-preview:-1\" \/>\n<link rel=\"canonical\" href=\"https:\/\/actuslaw.ca\/fr\/litige-et-resolution-de-conflits\/\" \/>\n<meta property=\"og:locale\" content=\"fr_FR\" \/>\n<meta property=\"og:type\" content=\"article\" \/>\n<meta property=\"og:title\" content=\"Litige et r\u00e9solution de conflits - Actus Law Droit\" \/>\n<meta property=\"og:description\" content=\"Avocats en litige et r\u00e9solution de conflits\" \/>\n<meta property=\"og:url\" content=\"https:\/\/actuslaw.ca\/fr\/litige-et-resolution-de-conflits\/\" \/>\n<meta property=\"og:site_name\" content=\"Actus Law Droit\" \/>\n<meta property=\"article:publisher\" content=\"https:\/\/www.facebook.com\/actuslawdroit\/\" \/>\n<meta property=\"article:modified_time\" content=\"2024-07-03T18:47:03+00:00\" \/>\n<meta name=\"twitter:card\" content=\"summary_large_image\" \/>\n<meta name=\"twitter:label1\" content=\"Dur\u00e9e de lecture estim\u00e9e\" \/>\n\t<meta name=\"twitter:data1\" content=\"1 minute\" \/>\n<script type=\"application\/ld+json\" class=\"yoast-schema-graph\">{\"@context\":\"https:\\\/\\\/schema.org\",\"@graph\":[{\"@type\":\"WebPage\",\"@id\":\"https:\\\/\\\/actuslaw.ca\\\/fr\\\/litige-et-resolution-de-conflits\\\/\",\"url\":\"https:\\\/\\\/actuslaw.ca\\\/fr\\\/litige-et-resolution-de-conflits\\\/\",\"name\":\"Litige et r\u00e9solution de conflits - Actus Law Droit\",\"isPartOf\":{\"@id\":\"https:\\\/\\\/actuslaw.ca\\\/fr\\\/#website\"},\"datePublished\":\"2023-08-04T18:04:50+00:00\",\"dateModified\":\"2024-07-03T18:47:03+00:00\",\"breadcrumb\":{\"@id\":\"https:\\\/\\\/actuslaw.ca\\\/fr\\\/litige-et-resolution-de-conflits\\\/#breadcrumb\"},\"inLanguage\":\"fr-FR\",\"potentialAction\":[{\"@type\":\"ReadAction\",\"target\":[\"https:\\\/\\\/actuslaw.ca\\\/fr\\\/litige-et-resolution-de-conflits\\\/\"]}]},{\"@type\":\"BreadcrumbList\",\"@id\":\"https:\\\/\\\/actuslaw.ca\\\/fr\\\/litige-et-resolution-de-conflits\\\/#breadcrumb\",\"itemListElement\":[{\"@type\":\"ListItem\",\"position\":1,\"name\":\"Home\",\"item\":\"https:\\\/\\\/actuslaw.ca\\\/fr\\\/\"},{\"@type\":\"ListItem\",\"position\":2,\"name\":\"Litige et r\u00e9solution de conflits\"}]},{\"@type\":\"WebSite\",\"@id\":\"https:\\\/\\\/actuslaw.ca\\\/fr\\\/#website\",\"url\":\"https:\\\/\\\/actuslaw.ca\\\/fr\\\/\",\"name\":\"Actus Law Droit\",\"description\":\"\",\"publisher\":{\"@id\":\"https:\\\/\\\/actuslaw.ca\\\/fr\\\/#organization\"},\"potentialAction\":[{\"@type\":\"SearchAction\",\"target\":{\"@type\":\"EntryPoint\",\"urlTemplate\":\"https:\\\/\\\/actuslaw.ca\\\/fr\\\/?s={search_term_string}\"},\"query-input\":{\"@type\":\"PropertyValueSpecification\",\"valueRequired\":true,\"valueName\":\"search_term_string\"}}],\"inLanguage\":\"fr-FR\"},{\"@type\":\"Organization\",\"@id\":\"https:\\\/\\\/actuslaw.ca\\\/fr\\\/#organization\",\"name\":\"Actus Law Droit\",\"url\":\"https:\\\/\\\/actuslaw.ca\\\/fr\\\/\",\"logo\":{\"@type\":\"ImageObject\",\"inLanguage\":\"fr-FR\",\"@id\":\"https:\\\/\\\/actuslaw.ca\\\/fr\\\/#\\\/schema\\\/logo\\\/image\\\/\",\"url\":\"https:\\\/\\\/actuslaw.ca\\\/wp-content\\\/uploads\\\/2023\\\/06\\\/actus-logo-vector.svg\",\"contentUrl\":\"https:\\\/\\\/actuslaw.ca\\\/wp-content\\\/uploads\\\/2023\\\/06\\\/actus-logo-vector.svg\",\"width\":633,\"height\":345,\"caption\":\"Actus Law Droit\"},\"image\":{\"@id\":\"https:\\\/\\\/actuslaw.ca\\\/fr\\\/#\\\/schema\\\/logo\\\/image\\\/\"},\"sameAs\":[\"https:\\\/\\\/www.facebook.com\\\/actuslawdroit\\\/\"]}]}<\/script>\n<!-- \/ Yoast SEO plugin. -->","yoast_head_json":{"title":"Litige et r\u00e9solution de conflits - Actus Law Droit","robots":{"index":"index","follow":"follow","max-snippet":"max-snippet:-1","max-image-preview":"max-image-preview:large","max-video-preview":"max-video-preview:-1"},"canonical":"https:\/\/actuslaw.ca\/fr\/litige-et-resolution-de-conflits\/","og_locale":"fr_FR","og_type":"article","og_title":"Litige et r\u00e9solution de conflits - Actus Law Droit","og_description":"Avocats en litige et r\u00e9solution de conflits","og_url":"https:\/\/actuslaw.ca\/fr\/litige-et-resolution-de-conflits\/","og_site_name":"Actus Law Droit","article_publisher":"https:\/\/www.facebook.com\/actuslawdroit\/","article_modified_time":"2024-07-03T18:47:03+00:00","twitter_card":"summary_large_image","twitter_misc":{"Dur\u00e9e de lecture estim\u00e9e":"1 minute"},"schema":{"@context":"https:\/\/schema.org","@graph":[{"@type":"WebPage","@id":"https:\/\/actuslaw.ca\/fr\/litige-et-resolution-de-conflits\/","url":"https:\/\/actuslaw.ca\/fr\/litige-et-resolution-de-conflits\/","name":"Litige et r\u00e9solution de conflits - Actus Law Droit","isPartOf":{"@id":"https:\/\/actuslaw.ca\/fr\/#website"},"datePublished":"2023-08-04T18:04:50+00:00","dateModified":"2024-07-03T18:47:03+00:00","breadcrumb":{"@id":"https:\/\/actuslaw.ca\/fr\/litige-et-resolution-de-conflits\/#breadcrumb"},"inLanguage":"fr-FR","potentialAction":[{"@type":"ReadAction","target":["https:\/\/actuslaw.ca\/fr\/litige-et-resolution-de-conflits\/"]}]},{"@type":"BreadcrumbList","@id":"https:\/\/actuslaw.ca\/fr\/litige-et-resolution-de-conflits\/#breadcrumb","itemListElement":[{"@type":"ListItem","position":1,"name":"Home","item":"https:\/\/actuslaw.ca\/fr\/"},{"@type":"ListItem","position":2,"name":"Litige et r\u00e9solution de conflits"}]},{"@type":"WebSite","@id":"https:\/\/actuslaw.ca\/fr\/#website","url":"https:\/\/actuslaw.ca\/fr\/","name":"Actus Law Droit","description":"","publisher":{"@id":"https:\/\/actuslaw.ca\/fr\/#organization"},"potentialAction":[{"@type":"SearchAction","target":{"@type":"EntryPoint","urlTemplate":"https:\/\/actuslaw.ca\/fr\/?s={search_term_string}"},"query-input":{"@type":"PropertyValueSpecification","valueRequired":true,"valueName":"search_term_string"}}],"inLanguage":"fr-FR"},{"@type":"Organization","@id":"https:\/\/actuslaw.ca\/fr\/#organization","name":"Actus Law Droit","url":"https:\/\/actuslaw.ca\/fr\/","logo":{"@type":"ImageObject","inLanguage":"fr-FR","@id":"https:\/\/actuslaw.ca\/fr\/#\/schema\/logo\/image\/","url":"https:\/\/actuslaw.ca\/wp-content\/uploads\/2023\/06\/actus-logo-vector.svg","contentUrl":"https:\/\/actuslaw.ca\/wp-content\/uploads\/2023\/06\/actus-logo-vector.svg","width":633,"height":345,"caption":"Actus Law Droit"},"image":{"@id":"https:\/\/actuslaw.ca\/fr\/#\/schema\/logo\/image\/"},"sameAs":["https:\/\/www.facebook.com\/actuslawdroit\/"]}]}},"_links":{"self":[{"href":"https:\/\/actuslaw.ca\/fr\/wp-json\/wp\/v2\/pages\/905","targetHints":{"allow":["GET"]}}],"collection":[{"href":"https:\/\/actuslaw.ca\/fr\/wp-json\/wp\/v2\/pages"}],"about":[{"href":"https:\/\/actuslaw.ca\/fr\/wp-json\/wp\/v2\/types\/page"}],"author":[{"embeddable":true,"href":"https:\/\/actuslaw.ca\/fr\/wp-json\/wp\/v2\/users\/2"}],"replies":[{"embeddable":true,"href":"https:\/\/actuslaw.ca\/fr\/wp-json\/wp\/v2\/comments?post=905"}],"version-history":[{"count":6,"href":"https:\/\/actuslaw.ca\/fr\/wp-json\/wp\/v2\/pages\/905\/revisions"}],"predecessor-version":[{"id":1157,"href":"https:\/\/actuslaw.ca\/fr\/wp-json\/wp\/v2\/pages\/905\/revisions\/1157"}],"wp:attachment":[{"href":"https:\/\/actuslaw.ca\/fr\/wp-json\/wp\/v2\/media?parent=905"}],"curies":[{"name":"wp","href":"https:\/\/api.w.org\/{rel}","templated":true}]}}