{"id":901,"date":"2023-08-04T15:04:50","date_gmt":"2023-08-04T18:04:50","guid":{"rendered":"http:\/\/dev4.corazzamarketing.ca\/dans-la-communaute\/"},"modified":"2023-12-19T16:49:45","modified_gmt":"2023-12-19T20:49:45","slug":"dans-la-communaute","status":"publish","type":"page","link":"https:\/\/actuslaw.ca\/fr\/dans-la-communaute\/","title":{"rendered":"Dans la communaut\u00e9"},"content":{"rendered":"<div class=\"gb-container gb-container-1b0b5ebb\">\n<div class=\"gb-container gb-container-a2e49bfb\">\n\n<h2 class=\"gb-headline gb-headline-72719e52 gb-headline-text\">L&rsquo;\u00e9quipe d&rsquo;Actus Law Droit estime qu&rsquo;il est important d&rsquo;avoir une influence positive autour de soi.<\/h2>\n\n\n\n<p>En raison des comp\u00e9tences, de l\u2019expertise et de la passion des membres de notre \u00e9quipe, nous pouvons contribuer de nombreuses fa\u00e7ons \u00e0 notre collectivit\u00e9. Notre entreprise effectue r\u00e9guli\u00e8rement des dons, et les membres de notre \u00e9quipe sont ravis d\u2019organiser des collectes de fonds et de faire du b\u00e9n\u00e9volat pour de nombreux organismes ax\u00e9s sur l\u2019\u00e9ducation et la collectivit\u00e9. Il peut s\u2019agir de si\u00e9ger \u00e0 un conseil d\u2019administration, de diriger un comit\u00e9, ou d\u2019entra\u00eener une \u00e9quipe sportive de jeunes. Lorsque la collectivit\u00e9 a besoin d\u2019aide, on constate souvent qu\u2019un membre de notre \u00e9quipe se porte volontaire.  <\/p>\n\n\n\n<p>Les membres de notre \u00e9quipe ont \u00e9t\u00e9 reconnus pour leur travail communautaire. Nous sommes fiers de compter parmi nous des r\u00e9cipiendaires de la M\u00e9daille du jubil\u00e9 de diamant de la reine Elizabeth II, qui souligne les importantes contributions et r\u00e9ussites des Canadiens et Canadiennes. Nous avons \u00e9galement re\u00e7u le Prix pro bono de l\u2019Association du Barreau canadien.<\/p>\n\n<\/div>\n\n<div class=\"gb-container gb-container-a5a28972\">\n\n<h2 class=\"gb-headline gb-headline-08041dfd gb-headline-text\">Conservation de la nature Canada<\/h2>\n\n\n\n<p>Actus Law Droit est une entreprise inscrite au programme Leaders en conservation de Conservation de la nature Canada (CNC). La mission de CNC consiste \u00e0 prot\u00e9ger le grand patrimoine naturel du Canada. Nous sommes fiers d\u2019appuyer la conservation et de d\u00e9fendre l\u2019environnement, et nous contribuons continuellement aux efforts de CNC. @NCC_CNC<\/p>\n\n\n\n<p>Pour en savoir plus &#8211; <a href=\"https:\/\/www.natureconservancy.ca\/en\/who-we-are\/our-partners\/individuals\/actus-law-droit.html\">profil de Ren\u00e9 J. Basque sur le site web de CNC<\/a><\/p>\n\n\n<div class=\"wp-block-image\">\n<figure class=\"aligncenter size-full\"><img loading=\"lazy\" decoding=\"async\" width=\"265\" height=\"113\" src=\"https:\/\/actuslaw.ca\/wp-content\/uploads\/2023\/08\/image.png\" alt=\"\" class=\"wp-image-644\"\/><\/figure>\n<\/div>\n<\/div>\n\n<div class=\"gb-container gb-container-e433eb42\">\n\n<h2 class=\"gb-headline gb-headline-80e20739 gb-headline-text\">Club repaire jeunesse de Moncton (Boys &amp; Girls Club of Moncton)<\/h2>\n\n\n\n<p>Actus Law Droit commandite fi\u00e8rement le club Repaire jeunesse de Moncton. L\u2019organisme Repaire jeunesse est un important fournisseur de programmes de qualit\u00e9 con\u00e7us pour les enfants et les jeunes de la r\u00e9gion du Grand Moncton. Chaque ann\u00e9e, il contribue au bon d\u00e9veloppement physique intellectuel et social de plus de 1 000 jeunes et leur famille de la r\u00e9gion du Grand Moncton.<\/p>\n\n\n\n<p>Les programmes sont offerts surtout apr\u00e8s les heures de classe, car, selon certaines \u00e9tudes, il s\u2019agit de la p\u00e9riode o\u00f9 les jeunes sont les plus vuln\u00e9rables \u00e0 la victimisation et les plus susceptibles d\u2019adopter des comportements antisociaux. Le club offre \u00e9galement une diversit\u00e9 de programmes le soir et la fin de semaine.<\/p>\n\n\n<div class=\"wp-block-image\">\n<figure class=\"aligncenter size-full\"><img loading=\"lazy\" decoding=\"async\" width=\"426\" height=\"223\" src=\"https:\/\/actuslaw.ca\/wp-content\/uploads\/2023\/08\/image-2.png\" alt=\"\" class=\"wp-image-646\" srcset=\"https:\/\/actuslaw.ca\/wp-content\/uploads\/2023\/08\/image-2.png 426w, https:\/\/actuslaw.ca\/wp-content\/uploads\/2023\/08\/image-2-300x157.png 300w\" sizes=\"auto, (max-width: 426px) 100vw, 426px\" \/><\/figure>\n<\/div>\n<\/div>\n\n<div class=\"gb-container gb-container-7b0463e7\">\n\n<h2 class=\"gb-headline gb-headline-3226be32 gb-headline-text\">La r\u00e9volution FRDJ roulons pour vaincre le diab\u00e8te<\/h2>\n\n\n\n<p>La R\u00e9volution FRDJ Roulons pour vaincre le diab\u00e8te est une activit\u00e9 dynamique sur v\u00e9los stationnaires qui rassemble plus de 23 000 dirigeants d\u2019entreprises et employ\u00e9s des quatre coins du Canada. Chaque ann\u00e9e, de septembre \u00e0 novembre, les activit\u00e9s se d\u00e9roulent \u00e0 22 emplacements situ\u00e9s partout au pays. <\/p>\n\n\n<div class=\"wp-block-image\">\n<figure class=\"aligncenter size-full\"><img loading=\"lazy\" decoding=\"async\" width=\"500\" height=\"370\" src=\"https:\/\/actuslaw.ca\/wp-content\/uploads\/2023\/08\/image-4.png\" alt=\"\" class=\"wp-image-648\" srcset=\"https:\/\/actuslaw.ca\/wp-content\/uploads\/2023\/08\/image-4.png 500w, https:\/\/actuslaw.ca\/wp-content\/uploads\/2023\/08\/image-4-300x222.png 300w\" sizes=\"auto, (max-width: 500px) 100vw, 500px\" \/><\/figure>\n<\/div>\n<\/div>\n\n<div class=\"gb-container gb-container-42c3108b\">\n\n<h2 class=\"gb-headline gb-headline-c9b38a76 gb-headline-text\">Autres organismes que nous aappuyons au sein de notre collectivit\u00e9 :<\/h2>\n\n\n\n<ul class=\"wp-block-list\">\n<li>Club Gar\u00e7ons et Filles de Riverview<\/li>\n\n\n\n<li>Grands Fr\u00e8res Grandes Soeurs du Grand Moncton<\/li>\n\n\n\n<li>YWCA du Grand Moncton<\/li>\n\n\n\n<li>Clinique de droit de la Famille YWCA<\/li>\n\n\n\n<li>Elizabeth Fry Society of New Brunswick<\/li>\n\n\n\n<li>Carrefour pour femmes Inc.<\/li>\n\n\n\n<li>Alternative Residences Alternatives (ARA)<\/li>\n\n\n\n<li>Centre medical IWK<\/li>\n\n\n\n<li>La journ\u00e9e Terry Fox<\/li>\n\n\n\n<li>Femmes en Affaires<\/li>\n\n\n\n<li>L&rsquo;Arbre de l&rsquo;espoir<\/li>\n\n\n\n<li>SBA (SPA du Grand Moncton)<\/li>\n<\/ul>\n\n<\/div>\n<\/div>","protected":false},"excerpt":{"rendered":"<p>L&rsquo;\u00e9quipe d&rsquo;Actus Law Droit estime qu&rsquo;il est important d&rsquo;avoir une influence positive autour de soi. En raison des comp\u00e9tences, de l\u2019expertise et de la passion des membres de notre \u00e9quipe, nous pouvons contribuer de nombreuses fa\u00e7ons \u00e0 notre collectivit\u00e9. Notre entreprise effectue r\u00e9guli\u00e8rement des dons, et les membres de notre \u00e9quipe sont ravis d\u2019organiser des &#8230; <a title=\"Dans la communaut\u00e9\" class=\"read-more\" href=\"https:\/\/actuslaw.ca\/fr\/dans-la-communaute\/\" aria-label=\"En savoir plus sur Dans la communaut\u00e9\">Lire plus<\/a><\/p>\n","protected":false},"author":2,"featured_media":0,"parent":0,"menu_order":0,"comment_status":"closed","ping_status":"closed","template":"","meta":{"_acf_changed":false,"footnotes":""},"class_list":["post-901","page","type-page","status-publish"],"acf":[],"yoast_head":"<!-- This site is optimized with the Yoast SEO plugin v27.4 - https:\/\/yoast.com\/product\/yoast-seo-wordpress\/ -->\n<title>Dans la communaut\u00e9 - Actus Law Droit<\/title>\n<meta name=\"robots\" content=\"index, follow, max-snippet:-1, max-image-preview:large, max-video-preview:-1\" \/>\n<link rel=\"canonical\" href=\"https:\/\/actuslaw.ca\/fr\/dans-la-communaute\/\" \/>\n<meta property=\"og:locale\" content=\"fr_FR\" \/>\n<meta property=\"og:type\" content=\"article\" \/>\n<meta property=\"og:title\" content=\"Dans la communaut\u00e9 - Actus Law Droit\" \/>\n<meta property=\"og:description\" content=\"L&rsquo;\u00e9quipe d&rsquo;Actus Law Droit estime qu&rsquo;il est important d&rsquo;avoir une influence positive autour de soi. En raison des comp\u00e9tences, de l\u2019expertise et de la passion des membres de notre \u00e9quipe, nous pouvons contribuer de nombreuses fa\u00e7ons \u00e0 notre collectivit\u00e9. Notre entreprise effectue r\u00e9guli\u00e8rement des dons, et les membres de notre \u00e9quipe sont ravis d\u2019organiser des ... Lire plus\" \/>\n<meta property=\"og:url\" content=\"https:\/\/actuslaw.ca\/fr\/dans-la-communaute\/\" \/>\n<meta property=\"og:site_name\" content=\"Actus Law Droit\" \/>\n<meta property=\"article:publisher\" content=\"https:\/\/www.facebook.com\/actuslawdroit\/\" \/>\n<meta property=\"article:modified_time\" content=\"2023-12-19T20:49:45+00:00\" \/>\n<meta property=\"og:image\" content=\"https:\/\/actuslaw.ca\/wp-content\/uploads\/2023\/08\/image.png\" \/>\n<meta name=\"twitter:card\" content=\"summary_large_image\" \/>\n<meta name=\"twitter:label1\" content=\"Dur\u00e9e de lecture estim\u00e9e\" \/>\n\t<meta name=\"twitter:data1\" content=\"3 minutes\" \/>\n<script type=\"application\/ld+json\" class=\"yoast-schema-graph\">{\"@context\":\"https:\\\/\\\/schema.org\",\"@graph\":[{\"@type\":\"WebPage\",\"@id\":\"https:\\\/\\\/actuslaw.ca\\\/fr\\\/dans-la-communaute\\\/\",\"url\":\"https:\\\/\\\/actuslaw.ca\\\/fr\\\/dans-la-communaute\\\/\",\"name\":\"Dans la communaut\u00e9 - Actus Law Droit\",\"isPartOf\":{\"@id\":\"https:\\\/\\\/actuslaw.ca\\\/fr\\\/#website\"},\"primaryImageOfPage\":{\"@id\":\"https:\\\/\\\/actuslaw.ca\\\/fr\\\/dans-la-communaute\\\/#primaryimage\"},\"image\":{\"@id\":\"https:\\\/\\\/actuslaw.ca\\\/fr\\\/dans-la-communaute\\\/#primaryimage\"},\"thumbnailUrl\":\"https:\\\/\\\/actuslaw.ca\\\/wp-content\\\/uploads\\\/2023\\\/08\\\/image.png\",\"datePublished\":\"2023-08-04T18:04:50+00:00\",\"dateModified\":\"2023-12-19T20:49:45+00:00\",\"breadcrumb\":{\"@id\":\"https:\\\/\\\/actuslaw.ca\\\/fr\\\/dans-la-communaute\\\/#breadcrumb\"},\"inLanguage\":\"fr-FR\",\"potentialAction\":[{\"@type\":\"ReadAction\",\"target\":[\"https:\\\/\\\/actuslaw.ca\\\/fr\\\/dans-la-communaute\\\/\"]}]},{\"@type\":\"ImageObject\",\"inLanguage\":\"fr-FR\",\"@id\":\"https:\\\/\\\/actuslaw.ca\\\/fr\\\/dans-la-communaute\\\/#primaryimage\",\"url\":\"https:\\\/\\\/actuslaw.ca\\\/wp-content\\\/uploads\\\/2023\\\/08\\\/image.png\",\"contentUrl\":\"https:\\\/\\\/actuslaw.ca\\\/wp-content\\\/uploads\\\/2023\\\/08\\\/image.png\"},{\"@type\":\"BreadcrumbList\",\"@id\":\"https:\\\/\\\/actuslaw.ca\\\/fr\\\/dans-la-communaute\\\/#breadcrumb\",\"itemListElement\":[{\"@type\":\"ListItem\",\"position\":1,\"name\":\"Home\",\"item\":\"https:\\\/\\\/actuslaw.ca\\\/fr\\\/\"},{\"@type\":\"ListItem\",\"position\":2,\"name\":\"Dans la communaut\u00e9\"}]},{\"@type\":\"WebSite\",\"@id\":\"https:\\\/\\\/actuslaw.ca\\\/fr\\\/#website\",\"url\":\"https:\\\/\\\/actuslaw.ca\\\/fr\\\/\",\"name\":\"Actus Law Droit\",\"description\":\"\",\"publisher\":{\"@id\":\"https:\\\/\\\/actuslaw.ca\\\/fr\\\/#organization\"},\"potentialAction\":[{\"@type\":\"SearchAction\",\"target\":{\"@type\":\"EntryPoint\",\"urlTemplate\":\"https:\\\/\\\/actuslaw.ca\\\/fr\\\/?s={search_term_string}\"},\"query-input\":{\"@type\":\"PropertyValueSpecification\",\"valueRequired\":true,\"valueName\":\"search_term_string\"}}],\"inLanguage\":\"fr-FR\"},{\"@type\":\"Organization\",\"@id\":\"https:\\\/\\\/actuslaw.ca\\\/fr\\\/#organization\",\"name\":\"Actus Law Droit\",\"url\":\"https:\\\/\\\/actuslaw.ca\\\/fr\\\/\",\"logo\":{\"@type\":\"ImageObject\",\"inLanguage\":\"fr-FR\",\"@id\":\"https:\\\/\\\/actuslaw.ca\\\/fr\\\/#\\\/schema\\\/logo\\\/image\\\/\",\"url\":\"https:\\\/\\\/actuslaw.ca\\\/wp-content\\\/uploads\\\/2023\\\/06\\\/actus-logo-vector.svg\",\"contentUrl\":\"https:\\\/\\\/actuslaw.ca\\\/wp-content\\\/uploads\\\/2023\\\/06\\\/actus-logo-vector.svg\",\"width\":633,\"height\":345,\"caption\":\"Actus Law Droit\"},\"image\":{\"@id\":\"https:\\\/\\\/actuslaw.ca\\\/fr\\\/#\\\/schema\\\/logo\\\/image\\\/\"},\"sameAs\":[\"https:\\\/\\\/www.facebook.com\\\/actuslawdroit\\\/\"]}]}<\/script>\n<!-- \/ Yoast SEO plugin. -->","yoast_head_json":{"title":"Dans la communaut\u00e9 - Actus Law Droit","robots":{"index":"index","follow":"follow","max-snippet":"max-snippet:-1","max-image-preview":"max-image-preview:large","max-video-preview":"max-video-preview:-1"},"canonical":"https:\/\/actuslaw.ca\/fr\/dans-la-communaute\/","og_locale":"fr_FR","og_type":"article","og_title":"Dans la communaut\u00e9 - Actus Law Droit","og_description":"L&rsquo;\u00e9quipe d&rsquo;Actus Law Droit estime qu&rsquo;il est important d&rsquo;avoir une influence positive autour de soi. En raison des comp\u00e9tences, de l\u2019expertise et de la passion des membres de notre \u00e9quipe, nous pouvons contribuer de nombreuses fa\u00e7ons \u00e0 notre collectivit\u00e9. Notre entreprise effectue r\u00e9guli\u00e8rement des dons, et les membres de notre \u00e9quipe sont ravis d\u2019organiser des ... Lire plus","og_url":"https:\/\/actuslaw.ca\/fr\/dans-la-communaute\/","og_site_name":"Actus Law Droit","article_publisher":"https:\/\/www.facebook.com\/actuslawdroit\/","article_modified_time":"2023-12-19T20:49:45+00:00","og_image":[{"url":"https:\/\/actuslaw.ca\/wp-content\/uploads\/2023\/08\/image.png","type":"","width":"","height":""}],"twitter_card":"summary_large_image","twitter_misc":{"Dur\u00e9e de lecture estim\u00e9e":"3 minutes"},"schema":{"@context":"https:\/\/schema.org","@graph":[{"@type":"WebPage","@id":"https:\/\/actuslaw.ca\/fr\/dans-la-communaute\/","url":"https:\/\/actuslaw.ca\/fr\/dans-la-communaute\/","name":"Dans la communaut\u00e9 - Actus Law Droit","isPartOf":{"@id":"https:\/\/actuslaw.ca\/fr\/#website"},"primaryImageOfPage":{"@id":"https:\/\/actuslaw.ca\/fr\/dans-la-communaute\/#primaryimage"},"image":{"@id":"https:\/\/actuslaw.ca\/fr\/dans-la-communaute\/#primaryimage"},"thumbnailUrl":"https:\/\/actuslaw.ca\/wp-content\/uploads\/2023\/08\/image.png","datePublished":"2023-08-04T18:04:50+00:00","dateModified":"2023-12-19T20:49:45+00:00","breadcrumb":{"@id":"https:\/\/actuslaw.ca\/fr\/dans-la-communaute\/#breadcrumb"},"inLanguage":"fr-FR","potentialAction":[{"@type":"ReadAction","target":["https:\/\/actuslaw.ca\/fr\/dans-la-communaute\/"]}]},{"@type":"ImageObject","inLanguage":"fr-FR","@id":"https:\/\/actuslaw.ca\/fr\/dans-la-communaute\/#primaryimage","url":"https:\/\/actuslaw.ca\/wp-content\/uploads\/2023\/08\/image.png","contentUrl":"https:\/\/actuslaw.ca\/wp-content\/uploads\/2023\/08\/image.png"},{"@type":"BreadcrumbList","@id":"https:\/\/actuslaw.ca\/fr\/dans-la-communaute\/#breadcrumb","itemListElement":[{"@type":"ListItem","position":1,"name":"Home","item":"https:\/\/actuslaw.ca\/fr\/"},{"@type":"ListItem","position":2,"name":"Dans la communaut\u00e9"}]},{"@type":"WebSite","@id":"https:\/\/actuslaw.ca\/fr\/#website","url":"https:\/\/actuslaw.ca\/fr\/","name":"Actus Law Droit","description":"","publisher":{"@id":"https:\/\/actuslaw.ca\/fr\/#organization"},"potentialAction":[{"@type":"SearchAction","target":{"@type":"EntryPoint","urlTemplate":"https:\/\/actuslaw.ca\/fr\/?s={search_term_string}"},"query-input":{"@type":"PropertyValueSpecification","valueRequired":true,"valueName":"search_term_string"}}],"inLanguage":"fr-FR"},{"@type":"Organization","@id":"https:\/\/actuslaw.ca\/fr\/#organization","name":"Actus Law Droit","url":"https:\/\/actuslaw.ca\/fr\/","logo":{"@type":"ImageObject","inLanguage":"fr-FR","@id":"https:\/\/actuslaw.ca\/fr\/#\/schema\/logo\/image\/","url":"https:\/\/actuslaw.ca\/wp-content\/uploads\/2023\/06\/actus-logo-vector.svg","contentUrl":"https:\/\/actuslaw.ca\/wp-content\/uploads\/2023\/06\/actus-logo-vector.svg","width":633,"height":345,"caption":"Actus Law Droit"},"image":{"@id":"https:\/\/actuslaw.ca\/fr\/#\/schema\/logo\/image\/"},"sameAs":["https:\/\/www.facebook.com\/actuslawdroit\/"]}]}},"_links":{"self":[{"href":"https:\/\/actuslaw.ca\/fr\/wp-json\/wp\/v2\/pages\/901","targetHints":{"allow":["GET"]}}],"collection":[{"href":"https:\/\/actuslaw.ca\/fr\/wp-json\/wp\/v2\/pages"}],"about":[{"href":"https:\/\/actuslaw.ca\/fr\/wp-json\/wp\/v2\/types\/page"}],"author":[{"embeddable":true,"href":"https:\/\/actuslaw.ca\/fr\/wp-json\/wp\/v2\/users\/2"}],"replies":[{"embeddable":true,"href":"https:\/\/actuslaw.ca\/fr\/wp-json\/wp\/v2\/comments?post=901"}],"version-history":[{"count":5,"href":"https:\/\/actuslaw.ca\/fr\/wp-json\/wp\/v2\/pages\/901\/revisions"}],"predecessor-version":[{"id":1104,"href":"https:\/\/actuslaw.ca\/fr\/wp-json\/wp\/v2\/pages\/901\/revisions\/1104"}],"wp:attachment":[{"href":"https:\/\/actuslaw.ca\/fr\/wp-json\/wp\/v2\/media?parent=901"}],"curies":[{"name":"wp","href":"https:\/\/api.w.org\/{rel}","templated":true}]}}