{"id":897,"date":"2023-03-15T14:35:01","date_gmt":"2023-03-15T17:35:01","guid":{"rendered":"http:\/\/dev4.corazzamarketing.ca\/accueil\/"},"modified":"2024-11-21T15:26:33","modified_gmt":"2024-11-21T19:26:33","slug":"accueil","status":"publish","type":"page","link":"https:\/\/actuslaw.ca\/fr\/","title":{"rendered":"Accueil"},"content":{"rendered":"<div class=\"gb-container gb-container-a934da57\">\n<div class=\"gb-grid-wrapper gb-grid-wrapper-27132ec1\">\n<div class=\"gb-grid-column gb-grid-column-7c6c1af0\"><div class=\"gb-container gb-container-7c6c1af0\">\n<div class=\"gb-grid-wrapper gb-grid-wrapper-352d3d31\">\n<div class=\"gb-grid-column gb-grid-column-068383ef\"><div class=\"gb-container gb-container-068383ef hide-mobile\"><\/div><\/div>\n\n<div class=\"gb-grid-column gb-grid-column-b16fb966\"><div class=\"gb-container gb-container-b16fb966\">\n\n<h2 class=\"gb-headline gb-headline-815785c9 gb-headline-text\">Notre force<\/h2>\n\n\n\n<div class=\"gb-headline gb-headline-f03604e4 gb-headline-text\">r\u00e9side dans le travail d&rsquo;\u00e9quipe<\/div>\n\n<\/div><\/div>\n<\/div>\n<\/div><\/div>\n\n<div class=\"gb-grid-column gb-grid-column-48a7ff3d\"><div class=\"gb-container gb-container-48a7ff3d\"><\/div><\/div>\n\n<div class=\"gb-grid-column gb-grid-column-144ad763\"><div class=\"gb-container gb-container-144ad763\"><\/div><\/div>\n\n<div class=\"gb-grid-column gb-grid-column-e77b4d3c\"><div class=\"gb-container gb-container-e77b4d3c\"><\/div><\/div>\n\n<div class=\"gb-grid-column gb-grid-column-639032e2\"><div class=\"gb-container gb-container-639032e2\"><\/div><\/div>\n<\/div>\n<\/div><section class=\"gb-container gb-container-95d233a3\">\n<div class=\"gb-container gb-container-e5b4ee8b\">\n<div class=\"gb-grid-wrapper gb-grid-wrapper-4116d8e0\">\n<div class=\"gb-grid-column gb-grid-column-1d5a199d\"><div class=\"gb-container gb-container-1d5a199d\">\n\n<h1 class=\"gb-headline gb-headline-e340b0c7 gb-headline-text\">Actus Law Droit<\/h1>\n\n\n\n<p class=\"gb-headline gb-headline-ad92cce5 gb-headline-text\">Nos clients n&rsquo;obtiennent pas l&rsquo;aide d&rsquo;un seul avocat, mais de toute l&rsquo;\u00e9quipe d&rsquo;Actus Law Droit.<\/p>\n\n<\/div><\/div>\n\n<div class=\"gb-grid-column gb-grid-column-c206774a\"><div class=\"gb-container gb-container-c206774a\">\n\n<p>Nous savons que les questions juridiques peuvent \u00eatre simples ou tr\u00e8s complexes. Pour cette raison, notre \u00e9quipe collaborera avec vous de mani\u00e8re efficace, professionnelle et rentable afin de vous aider \u00e0 traverser des p\u00e9riodes difficiles, effectuer une planification successorale ou r\u00e9aliser des projets d\u2019affaires. La satisfaction de nos clients nous tient \u00e0 c\u0153ur plus que tout. Voil\u00e0 pourquoi nous privil\u00e9gions le travail d\u2019\u00e9quipe plut\u00f4t que de travailler de fa\u00e7on isol\u00e9e; nous veillons \u00e0 ce que nos clients obtiennent les meilleurs services juridiques possibles. Cet aspect nous distingue r\u00e9ellement des autres cabinets.    <\/p>\n\n\n\n<p>Nous nous tenons continuellement au courant des aspects du droit en constante \u00e9volution pour voir \u00e0 ce que nos clients obtiennent des conseils qui reposent sur les renseignements les plus \u00e0 jour possible. Tirez profit de la vaste exp\u00e9rience et du travail en collaboration d\u2019Actus Law Droit.<\/p>\n\n\n\n<p>Nous sommes situ\u00e9s \u00e0 Moncton, au Nouveau-Brunswick, mais nous servons des clients dans toutes les provinces de l\u2019Atlantique, et m\u00eame au\u2011del\u00e0 de cette r\u00e9gion.<\/p>\n\n\n\n<a class=\"gb-button gb-button-018fcb78 gb-button-text\" href=\"https:\/\/actuslaw.ca\/fr\/a-propos-de-nous\/\">Rencontrez notre \u00e9quipe<\/a>\n\n<\/div><\/div>\n<\/div>\n<\/div>\n<\/section><section class=\"gb-container gb-container-949ff5ab\">\n<div class=\"gb-container gb-container-fbd4bc3b\">\n<div class=\"gb-grid-wrapper gb-grid-wrapper-f94ea11c\">\n<div class=\"gb-grid-column gb-grid-column-24cea7f3\"><div class=\"gb-container gb-container-24cea7f3\">\n\n<h2 class=\"gb-headline gb-headline-265555d6 gb-headline-text\">Domaines de droit<\/h2>\n\n<\/div><\/div>\n\n<div class=\"gb-grid-column gb-grid-column-31a97e32\"><div class=\"gb-container gb-container-31a97e32\">\n\n<div class=\"gb-headline gb-headline-51a64380 gb-headline-text\"><a href=\"https:\/\/actuslaw.ca\/corporatecommerciallawandrealestate\/\" data-type=\"page\" data-id=\"1\">Droit des soci\u00e9t\u00e9es, commercial et immobilier<\/a><\/div>\n\n\n\n<div class=\"gb-headline gb-headline-d4cb924a gb-headline-text\"><a href=\"https:\/\/actuslaw.ca\/fr\/droit-de-la-famille\/\" data-type=\"page\" data-id=\"300\">Droit de la famille<\/a><\/div>\n\n\n\n<div class=\"gb-headline gb-headline-d8bcfd4d gb-headline-text\"><a href=\"https:\/\/actuslaw.ca\/fr\/litige-et-resolution-de-conflits\/\" data-type=\"page\" data-id=\"2\">Litige et r\u00e9solution de conflits<\/a><\/div>\n\n\n\n<div class=\"gb-headline gb-headline-9dbc2fa1 gb-headline-text\"><a href=\"https:\/\/actuslaw.ca\/fr\/testaments-et-successions\/\" data-type=\"page\" data-id=\"7\">Testaments et successions<\/a><\/div>\n\n<\/div><\/div>\n<\/div>\n<\/div>\n<\/section><section class=\"gb-container gb-container-22754bab\">\n<div class=\"gb-container gb-container-758ad3df\">\n<div class=\"gb-grid-wrapper gb-grid-wrapper-bb408a25\">\n<div class=\"gb-grid-column gb-grid-column-f80770a2\"><div class=\"gb-container gb-container-f80770a2\">\n\n<h2 class=\"gb-headline gb-headline-951c65e6\"><span class=\"gb-icon\"><svg xmlns=\"http:\/\/www.w3.org\/2000\/svg\" viewbox=\"0 0 512 512\" height=\"32\" width=\"32\"><path d=\"M464 256h-80v-64c0-35.3 28.7-64 64-64h8c13.3 0 24-10.7 24-24V56c0-13.3-10.7-24-24-24h-8c-88.4 0-160 71.6-160 160v240c0 26.5 21.5 48 48 48h128c26.5 0 48-21.5 48-48V304c0-26.5-21.5-48-48-48zm-288 0H96v-64c0-35.3 28.7-64 64-64h8c13.3 0 24-10.7 24-24V56c0-13.3-10.7-24-24-24h-8C71.6 32 0 103.6 0 192v240c0 26.5 21.5 48 48 48h128c26.5 0 48-21.5 48-48V304c0-26.5-21.5-48-48-48z\" fill=\"currentColor\"><\/path><\/svg><\/span><\/h2>\n\n<\/div><\/div>\n\n<div class=\"gb-grid-column gb-grid-column-14648977\"><div class=\"gb-container gb-container-14648977\">\n\n<p>Personnel sympathique et professionnel. Ce cabinet s&rsquo;engage r\u00e9ellement \u00e0 faire le bien et \u00e0 aider la soci\u00e9t\u00e9. J&rsquo;ai eu une excellente exp\u00e9rience avec eux.  <\/p>\n\n\n\n<div class=\"gb-headline gb-headline-4e9650e1 gb-headline-text\">B. B.<\/div>\n\n<\/div><\/div>\n\n<div class=\"gb-grid-column gb-grid-column-93e534ad\"><div class=\"gb-container gb-container-93e534ad\">\n\n<h2 class=\"gb-headline gb-headline-c46d18f2\"><span class=\"gb-icon\"><svg xmlns=\"http:\/\/www.w3.org\/2000\/svg\" viewbox=\"0 0 1664 1408\" height=\"32\" width=\"37.82\"><path d=\"M768 192v704q0 104-40.5 198.5T618 1258t-163.5 109.5T256 1408h-64q-26 0-45-19t-19-45v-128q0-26 19-45t45-19h64q106 0 181-75t75-181v-32q0-40-28-68t-68-28H192q-80 0-136-56T0 576V192q0-80 56-136T192 0h384q80 0 136 56t56 136zm896 0v704q0 104-40.5 198.5T1514 1258t-163.5 109.5T1152 1408h-64q-26 0-45-19t-19-45v-128q0-26 19-45t45-19h64q106 0 181-75t75-181v-32q0-40-28-68t-68-28h-224q-80 0-136-56t-56-136V192q0-80 56-136t136-56h384q80 0 136 56t56 136z\" fill=\"currentColor\"><\/path><\/svg><\/span><\/h2>\n\n<\/div><\/div>\n<\/div>\n<\/div>\n<\/section><div class=\"gb-container gb-container-897b3c6a\">\n<div class=\"gb-container gb-container-2922b29b\">\n\n<h2 class=\"gb-headline gb-headline-2b45e039 gb-headline-text\">Publications<\/h2>\n\n\n\n<div class=\"gb-grid-wrapper gb-grid-wrapper-d911d59e gb-query-loop-wrapper\">\n<div class=\"gb-grid-column gb-grid-column-4ecff85e gb-query-loop-item post-1003 post type-post status-publish format-standard has-post-thumbnail hentry category-news\"><div class=\"gb-container gb-container-4ecff85e\">\n<figure class=\"gb-block-image gb-block-image-51cc2ca9\"><a href=\"https:\/\/actuslaw.ca\/fr\/bienvenue-jocelyne-et-stephanie\/\"><img loading=\"lazy\" decoding=\"async\" width=\"2560\" height=\"1707\" src=\"https:\/\/actuslaw.ca\/wp-content\/uploads\/2023\/09\/NFP2823-scaled.jpg\" class=\"gb-image-51cc2ca9\" alt=\"\" srcset=\"https:\/\/actuslaw.ca\/wp-content\/uploads\/2023\/09\/NFP2823-scaled.jpg 2560w, https:\/\/actuslaw.ca\/wp-content\/uploads\/2023\/09\/NFP2823-300x200.jpg 300w, https:\/\/actuslaw.ca\/wp-content\/uploads\/2023\/09\/NFP2823-1024x683.jpg 1024w, https:\/\/actuslaw.ca\/wp-content\/uploads\/2023\/09\/NFP2823-768x512.jpg 768w, https:\/\/actuslaw.ca\/wp-content\/uploads\/2023\/09\/NFP2823-1536x1024.jpg 1536w, https:\/\/actuslaw.ca\/wp-content\/uploads\/2023\/09\/NFP2823-2048x1366.jpg 2048w\" sizes=\"auto, (max-width: 2560px) 100vw, 2560px\" \/><\/a><\/figure>\n\n<h2 class=\"gb-headline gb-headline-e89ae3de gb-headline-text\"><a href=\"https:\/\/actuslaw.ca\/fr\/bienvenue-jocelyne-et-stephanie\/\">Bienvenue Jocelyne et St\u00e9phanie!<\/a><\/h2>\n\n<p class=\"gb-headline gb-headline-fba4107b gb-headline-text\"><time class=\"entry-date published\" datetime=\"2018-10-30T17:48:26-03:00\">30 octobre 2018<\/time><\/p>\n\n<div class=\"gb-headline gb-headline-fe434731 gb-headline-text\">Nous sommes heureux d\u2019annoncer que Jocelyne L\u00e9ger-Nowlan et St\u00e9phanie M. Cormier se sont joint \u00e0 notre \u00e9quipe de droit de &#8230; <a title=\"Bienvenue Jocelyne et St\u00e9phanie!\" class=\"read-more\" href=\"https:\/\/actuslaw.ca\/fr\/bienvenue-jocelyne-et-stephanie\/\" aria-label=\"En savoir plus sur Bienvenue Jocelyne et St\u00e9phanie!\">Lire plus<\/a><\/div>\n<\/div><\/div>\n\n<div class=\"gb-grid-column gb-grid-column-4ecff85e gb-query-loop-item post-1004 post type-post status-publish format-standard has-post-thumbnail hentry category-news\"><div class=\"gb-container gb-container-4ecff85e\">\n<figure class=\"gb-block-image gb-block-image-51cc2ca9\"><a href=\"https:\/\/actuslaw.ca\/fr\/bienvenue-robert\/\"><img loading=\"lazy\" decoding=\"async\" width=\"2560\" height=\"1920\" src=\"https:\/\/actuslaw.ca\/wp-content\/uploads\/2023\/09\/robert-goguen-scaled.jpg\" class=\"gb-image-51cc2ca9\" alt=\"\" srcset=\"https:\/\/actuslaw.ca\/wp-content\/uploads\/2023\/09\/robert-goguen-scaled.jpg 2560w, https:\/\/actuslaw.ca\/wp-content\/uploads\/2023\/09\/robert-goguen-300x225.jpg 300w, https:\/\/actuslaw.ca\/wp-content\/uploads\/2023\/09\/robert-goguen-1024x768.jpg 1024w, https:\/\/actuslaw.ca\/wp-content\/uploads\/2023\/09\/robert-goguen-768x576.jpg 768w, https:\/\/actuslaw.ca\/wp-content\/uploads\/2023\/09\/robert-goguen-1536x1152.jpg 1536w, https:\/\/actuslaw.ca\/wp-content\/uploads\/2023\/09\/robert-goguen-2048x1536.jpg 2048w\" sizes=\"auto, (max-width: 2560px) 100vw, 2560px\" \/><\/a><\/figure>\n\n<h2 class=\"gb-headline gb-headline-e89ae3de gb-headline-text\"><a href=\"https:\/\/actuslaw.ca\/fr\/bienvenue-robert\/\">Bienvenue Robert!<\/a><\/h2>\n\n<p class=\"gb-headline gb-headline-fba4107b gb-headline-text\"><time class=\"entry-date published\" datetime=\"2016-12-05T01:00:50-04:00\">5 d\u00e9cembre 2016<\/time><\/p>\n\n<div class=\"gb-headline gb-headline-fe434731 gb-headline-text\">Nous sommes heureux et excit\u00e9s d\u2019annoncer le retour de Robert R. Goguen, c.r., \u00e0 Actus Law Droit. Robert attend avec &#8230; <a title=\"Bienvenue Robert!\" class=\"read-more\" href=\"https:\/\/actuslaw.ca\/fr\/bienvenue-robert\/\" aria-label=\"En savoir plus sur Bienvenue Robert!\">Lire plus<\/a><\/div>\n<\/div><\/div>\n<\/div>\n\n<\/div>\n<\/div>","protected":false},"excerpt":{"rendered":"<p>Publications<\/p>\n","protected":false},"author":2,"featured_media":0,"parent":0,"menu_order":0,"comment_status":"closed","ping_status":"closed","template":"","meta":{"_acf_changed":false,"footnotes":""},"class_list":["post-897","page","type-page","status-publish"],"acf":[],"yoast_head":"<!-- This site is optimized with the Yoast SEO plugin v27.4 - https:\/\/yoast.com\/product\/yoast-seo-wordpress\/ -->\n<title>Accueil - Actus Law Droit<\/title>\n<meta name=\"robots\" content=\"index, follow, max-snippet:-1, max-image-preview:large, max-video-preview:-1\" \/>\n<link rel=\"canonical\" href=\"https:\/\/actuslaw.ca\/fr\/\" \/>\n<meta property=\"og:locale\" content=\"fr_FR\" \/>\n<meta property=\"og:type\" content=\"article\" \/>\n<meta property=\"og:title\" content=\"Accueil - Actus Law Droit\" \/>\n<meta property=\"og:description\" content=\"Publications\" \/>\n<meta property=\"og:url\" content=\"https:\/\/actuslaw.ca\/fr\/\" \/>\n<meta property=\"og:site_name\" content=\"Actus Law Droit\" \/>\n<meta property=\"article:publisher\" content=\"https:\/\/www.facebook.com\/actuslawdroit\/\" \/>\n<meta property=\"article:modified_time\" content=\"2024-11-21T19:26:33+00:00\" \/>\n<meta name=\"twitter:card\" content=\"summary_large_image\" \/>\n<meta name=\"twitter:label1\" content=\"Dur\u00e9e de lecture estim\u00e9e\" \/>\n\t<meta name=\"twitter:data1\" content=\"1 minute\" \/>\n<script type=\"application\/ld+json\" class=\"yoast-schema-graph\">{\"@context\":\"https:\\\/\\\/schema.org\",\"@graph\":[{\"@type\":\"WebPage\",\"@id\":\"https:\\\/\\\/actuslaw.ca\\\/fr\\\/\",\"url\":\"https:\\\/\\\/actuslaw.ca\\\/fr\\\/\",\"name\":\"Accueil - Actus Law Droit\",\"isPartOf\":{\"@id\":\"https:\\\/\\\/actuslaw.ca\\\/fr\\\/#website\"},\"datePublished\":\"2023-03-15T17:35:01+00:00\",\"dateModified\":\"2024-11-21T19:26:33+00:00\",\"breadcrumb\":{\"@id\":\"https:\\\/\\\/actuslaw.ca\\\/fr\\\/#breadcrumb\"},\"inLanguage\":\"fr-FR\",\"potentialAction\":[{\"@type\":\"ReadAction\",\"target\":[\"https:\\\/\\\/actuslaw.ca\\\/fr\\\/\"]}]},{\"@type\":\"BreadcrumbList\",\"@id\":\"https:\\\/\\\/actuslaw.ca\\\/fr\\\/#breadcrumb\",\"itemListElement\":[{\"@type\":\"ListItem\",\"position\":1,\"name\":\"Home\",\"item\":\"https:\\\/\\\/actuslaw.ca\\\/fr\\\/\"},{\"@type\":\"ListItem\",\"position\":2,\"name\":\"Accueil\"}]},{\"@type\":\"WebSite\",\"@id\":\"https:\\\/\\\/actuslaw.ca\\\/fr\\\/#website\",\"url\":\"https:\\\/\\\/actuslaw.ca\\\/fr\\\/\",\"name\":\"Actus Law Droit\",\"description\":\"\",\"publisher\":{\"@id\":\"https:\\\/\\\/actuslaw.ca\\\/fr\\\/#organization\"},\"potentialAction\":[{\"@type\":\"SearchAction\",\"target\":{\"@type\":\"EntryPoint\",\"urlTemplate\":\"https:\\\/\\\/actuslaw.ca\\\/fr\\\/?s={search_term_string}\"},\"query-input\":{\"@type\":\"PropertyValueSpecification\",\"valueRequired\":true,\"valueName\":\"search_term_string\"}}],\"inLanguage\":\"fr-FR\"},{\"@type\":\"Organization\",\"@id\":\"https:\\\/\\\/actuslaw.ca\\\/fr\\\/#organization\",\"name\":\"Actus Law Droit\",\"url\":\"https:\\\/\\\/actuslaw.ca\\\/fr\\\/\",\"logo\":{\"@type\":\"ImageObject\",\"inLanguage\":\"fr-FR\",\"@id\":\"https:\\\/\\\/actuslaw.ca\\\/fr\\\/#\\\/schema\\\/logo\\\/image\\\/\",\"url\":\"https:\\\/\\\/actuslaw.ca\\\/wp-content\\\/uploads\\\/2023\\\/06\\\/actus-logo-vector.svg\",\"contentUrl\":\"https:\\\/\\\/actuslaw.ca\\\/wp-content\\\/uploads\\\/2023\\\/06\\\/actus-logo-vector.svg\",\"width\":633,\"height\":345,\"caption\":\"Actus Law Droit\"},\"image\":{\"@id\":\"https:\\\/\\\/actuslaw.ca\\\/fr\\\/#\\\/schema\\\/logo\\\/image\\\/\"},\"sameAs\":[\"https:\\\/\\\/www.facebook.com\\\/actuslawdroit\\\/\"]}]}<\/script>\n<!-- \/ Yoast SEO plugin. -->","yoast_head_json":{"title":"Accueil - Actus Law Droit","robots":{"index":"index","follow":"follow","max-snippet":"max-snippet:-1","max-image-preview":"max-image-preview:large","max-video-preview":"max-video-preview:-1"},"canonical":"https:\/\/actuslaw.ca\/fr\/","og_locale":"fr_FR","og_type":"article","og_title":"Accueil - Actus Law Droit","og_description":"Publications","og_url":"https:\/\/actuslaw.ca\/fr\/","og_site_name":"Actus Law Droit","article_publisher":"https:\/\/www.facebook.com\/actuslawdroit\/","article_modified_time":"2024-11-21T19:26:33+00:00","twitter_card":"summary_large_image","twitter_misc":{"Dur\u00e9e de lecture estim\u00e9e":"1 minute"},"schema":{"@context":"https:\/\/schema.org","@graph":[{"@type":"WebPage","@id":"https:\/\/actuslaw.ca\/fr\/","url":"https:\/\/actuslaw.ca\/fr\/","name":"Accueil - Actus Law Droit","isPartOf":{"@id":"https:\/\/actuslaw.ca\/fr\/#website"},"datePublished":"2023-03-15T17:35:01+00:00","dateModified":"2024-11-21T19:26:33+00:00","breadcrumb":{"@id":"https:\/\/actuslaw.ca\/fr\/#breadcrumb"},"inLanguage":"fr-FR","potentialAction":[{"@type":"ReadAction","target":["https:\/\/actuslaw.ca\/fr\/"]}]},{"@type":"BreadcrumbList","@id":"https:\/\/actuslaw.ca\/fr\/#breadcrumb","itemListElement":[{"@type":"ListItem","position":1,"name":"Home","item":"https:\/\/actuslaw.ca\/fr\/"},{"@type":"ListItem","position":2,"name":"Accueil"}]},{"@type":"WebSite","@id":"https:\/\/actuslaw.ca\/fr\/#website","url":"https:\/\/actuslaw.ca\/fr\/","name":"Actus Law Droit","description":"","publisher":{"@id":"https:\/\/actuslaw.ca\/fr\/#organization"},"potentialAction":[{"@type":"SearchAction","target":{"@type":"EntryPoint","urlTemplate":"https:\/\/actuslaw.ca\/fr\/?s={search_term_string}"},"query-input":{"@type":"PropertyValueSpecification","valueRequired":true,"valueName":"search_term_string"}}],"inLanguage":"fr-FR"},{"@type":"Organization","@id":"https:\/\/actuslaw.ca\/fr\/#organization","name":"Actus Law Droit","url":"https:\/\/actuslaw.ca\/fr\/","logo":{"@type":"ImageObject","inLanguage":"fr-FR","@id":"https:\/\/actuslaw.ca\/fr\/#\/schema\/logo\/image\/","url":"https:\/\/actuslaw.ca\/wp-content\/uploads\/2023\/06\/actus-logo-vector.svg","contentUrl":"https:\/\/actuslaw.ca\/wp-content\/uploads\/2023\/06\/actus-logo-vector.svg","width":633,"height":345,"caption":"Actus Law Droit"},"image":{"@id":"https:\/\/actuslaw.ca\/fr\/#\/schema\/logo\/image\/"},"sameAs":["https:\/\/www.facebook.com\/actuslawdroit\/"]}]}},"_links":{"self":[{"href":"https:\/\/actuslaw.ca\/fr\/wp-json\/wp\/v2\/pages\/897","targetHints":{"allow":["GET"]}}],"collection":[{"href":"https:\/\/actuslaw.ca\/fr\/wp-json\/wp\/v2\/pages"}],"about":[{"href":"https:\/\/actuslaw.ca\/fr\/wp-json\/wp\/v2\/types\/page"}],"author":[{"embeddable":true,"href":"https:\/\/actuslaw.ca\/fr\/wp-json\/wp\/v2\/users\/2"}],"replies":[{"embeddable":true,"href":"https:\/\/actuslaw.ca\/fr\/wp-json\/wp\/v2\/comments?post=897"}],"version-history":[{"count":12,"href":"https:\/\/actuslaw.ca\/fr\/wp-json\/wp\/v2\/pages\/897\/revisions"}],"predecessor-version":[{"id":1180,"href":"https:\/\/actuslaw.ca\/fr\/wp-json\/wp\/v2\/pages\/897\/revisions\/1180"}],"wp:attachment":[{"href":"https:\/\/actuslaw.ca\/fr\/wp-json\/wp\/v2\/media?parent=897"}],"curies":[{"name":"wp","href":"https:\/\/api.w.org\/{rel}","templated":true}]}}