{"id":879,"date":"2023-08-04T15:04:51","date_gmt":"2023-08-04T18:04:51","guid":{"rendered":"http:\/\/dev4.corazzamarketing.ca\/droit-de-la-famille\/divorce\/"},"modified":"2023-10-11T20:25:14","modified_gmt":"2023-10-11T23:25:14","slug":"divorce","status":"publish","type":"page","link":"https:\/\/actuslaw.ca\/fr\/droit-de-la-famille\/divorce\/","title":{"rendered":"Divorce"},"content":{"rendered":"<div class=\"gb-container gb-container-30af72ea\">\n<div class=\"gb-container gb-container-7dace7cc\">\n<div class=\"gb-grid-wrapper gb-grid-wrapper-0324992a\">\n<div class=\"gb-grid-column gb-grid-column-21c4903e\"><div class=\"gb-container gb-container-21c4903e\">\n\n<h3 class=\"gb-headline gb-headline-24f89e81 gb-headline-text\">Nous pratiquons dans tous les domaines du droit familial, notamment:<\/h3>\n\n\n\n<ul class=\"wp-block-list\">\n<li><a href=\"https:\/\/actuslaw.ca\/fr\/droit-de-la-famille\/pension-alimentaire\/\"><strong>Pension alimentaire<\/strong><\/a><\/li>\n\n\n\n<li><a href=\"https:\/\/actuslaw.ca\/fr\/droit-de-la-famille\/garde-et-acces\/\"><strong>Garde et acc\u00e8s<\/strong><\/a><\/li>\n\n\n\n<li><a href=\"https:\/\/actuslaw.ca\/fr\/droit-de-la-famille\/division-des-biens\/\"><strong>Division des biens<\/strong><\/a><\/li>\n\n\n\n<li><a href=\"https:\/\/actuslaw.ca\/fr\/droit-de-la-famille\/divorce\/\"><strong>Divorce<\/strong><\/a><\/li>\n\n\n\n<li><a href=\"https:\/\/actuslaw.ca\/fr\/droit-de-la-famille\/ententes-de-cohabitation-et-contrats-de-mariage\/\"><strong>Ententes de cohabitation et contrats de mariage<\/strong><\/a><\/li>\n\n\n\n<li><a href=\"https:\/\/actuslaw.ca\/fr\/droit-de-la-famille\/ententes-de-separation\/\"><strong>Ententes de s\u00e9paration<\/strong><\/a><\/li>\n\n\n\n<li><a href=\"https:\/\/actuslaw.ca\/fr\/droit-de-la-famille\/pension-alimentaire-pour-conjoints\/\"><strong>Pension alimentaire pour conjoints<\/strong><\/a><\/li>\n\n\n\n<li><a href=\"https:\/\/actuslaw.ca\/fr\/droit-de-la-famille\/droit-de-la-fecondite\/\" data-type=\"page\" data-id=\"299\"><strong>Droit de la f\u00e9condit\u00e9<\/strong><\/a><\/li>\n<\/ul>\n\n<\/div><\/div>\n\n<div class=\"gb-grid-column gb-grid-column-0275c3d9\"><div class=\"gb-container gb-container-0275c3d9\">\n\n<p>Le divorce est le processus de dissolution l\u00e9gale du mariage. Pour obtenir un divorce au Canada, vous devez \u00eatre en mesure de d\u00e9montrer qu\u2019il y a eu \u00e9chec du mariage, lequel peut \u00eatre d\u00e9montr\u00e9 par une des trois causes suivantes, tel qu\u2019\u00e9tabli dans la <a href=\"https:\/\/laws-lois.justice.gc.ca\/eng\/acts\/d-3.4\/\">Loi sur le divorce<\/a> : <\/p>\n\n\n\n<ol class=\"wp-block-list\">\n<li>les \u00e9poux ont v\u00e9cu s\u00e9par\u00e9ment pendant au moins un an ;<\/li>\n\n\n\n<li>l\u2019un des \u00e9poux a commis l\u2019adult\u00e8re ; ou<\/li>\n\n\n\n<li>l\u2019un des \u00e9poux a trait\u00e9 l\u2019autre avec une cruaut\u00e9 mentale ou physique qui rend intol\u00e9rable le maintien de la cohabitation.<\/li>\n<\/ol>\n\n\n\n<p>La majorit\u00e9 des Canadiens utiliseront la s\u00e9paration afin de d\u00e9montrer qu\u2019il y a eu \u00e9chec du mariage. Ceci veut dire que les \u00e9poux doivent vivre s\u00e9par\u00e9ment pour au moins un an avant d\u2019obtenir le divorce. <\/p>\n\n\n\n<p>Le processus de divorce au Canada est sans \u00e9gard \u00e0 la faute. Ceci veut dire que, peu importe la raison du divorce, celle-ci n\u2019aura habituellement aucun impact sur les questions de garde, des droits d\u2019acc\u00e8s, le soutien alimentaire ou la division des biens et des dettes.<\/p>\n\n\n\n<p>Les avocats d\u2019Actus Law Droit vous expliqueront vos droits ainsi que vos obligations concernant le divorce et feront avancer votre dossier de fa\u00e7on efficace jusqu\u2019\u00e0 sa fin.<\/p>\n\n<\/div><\/div>\n<\/div>\n<\/div>\n<\/div>\n\n\n<h2 class=\"gb-headline gb-headline-fbdc97e9 gb-headline-text\">Avocats en divorce<\/h2>\n\n\n\n<div class=\"gb-grid-wrapper gb-grid-wrapper-d911d59e gb-query-loop-wrapper\">\n<div class=\"gb-grid-column gb-grid-column-4ecff85e gb-query-loop-item post-936 lawyer type-lawyer status-publish has-post-thumbnail hentry practice-area-adoptions-fr-2 practice-area-division-des-biens practice-area-divorce-fr-2 practice-area-droit-de-la-famille practice-area-droit-de-la-fecondite practice-area-ententes-de-cohabitation-et-contrats-de-mariage practice-area-pension-alimentaire\"><div class=\"gb-container gb-container-4ecff85e\">\n<figure class=\"gb-block-image gb-block-image-51cc2ca9\"><a href=\"https:\/\/actuslaw.ca\/fr\/lawyer\/jocelyne-leger-nowlan\/\"><img loading=\"lazy\" decoding=\"async\" width=\"2560\" height=\"1920\" src=\"https:\/\/actuslaw.ca\/wp-content\/uploads\/2023\/09\/DD78882-scaled.jpg\" class=\"gb-image-51cc2ca9\" alt=\"\" srcset=\"https:\/\/actuslaw.ca\/wp-content\/uploads\/2023\/09\/DD78882-scaled.jpg 2560w, https:\/\/actuslaw.ca\/wp-content\/uploads\/2023\/09\/DD78882-300x225.jpg 300w, https:\/\/actuslaw.ca\/wp-content\/uploads\/2023\/09\/DD78882-1024x768.jpg 1024w, https:\/\/actuslaw.ca\/wp-content\/uploads\/2023\/09\/DD78882-768x576.jpg 768w, https:\/\/actuslaw.ca\/wp-content\/uploads\/2023\/09\/DD78882-1536x1152.jpg 1536w, https:\/\/actuslaw.ca\/wp-content\/uploads\/2023\/09\/DD78882-2048x1536.jpg 2048w\" sizes=\"auto, (max-width: 2560px) 100vw, 2560px\" \/><\/a><\/figure>\n\n<h3 class=\"gb-headline gb-headline-e89ae3de gb-headline-text\"><a href=\"https:\/\/actuslaw.ca\/fr\/lawyer\/jocelyne-leger-nowlan\/\">Jocelyne L\u00e9ger-Nowlan<\/a><\/h3>\n<\/div><\/div>\n\n<div class=\"gb-grid-column gb-grid-column-4ecff85e gb-query-loop-item post-927 lawyer type-lawyer status-publish has-post-thumbnail hentry practice-area-divorce-fr-2 practice-area-droit-de-la-famille practice-area-ententes-de-separation practice-area-garde-et-acces\"><div class=\"gb-container gb-container-4ecff85e\">\n<figure class=\"gb-block-image gb-block-image-51cc2ca9\"><a href=\"https:\/\/actuslaw.ca\/fr\/lawyer\/stephanie-m-cormier\/\"><img loading=\"lazy\" decoding=\"async\" width=\"2560\" height=\"2048\" src=\"https:\/\/actuslaw.ca\/wp-content\/uploads\/2023\/09\/SMC-High-Res-for-print-use-scaled.jpg\" class=\"gb-image-51cc2ca9\" alt=\"\" srcset=\"https:\/\/actuslaw.ca\/wp-content\/uploads\/2023\/09\/SMC-High-Res-for-print-use-scaled.jpg 2560w, https:\/\/actuslaw.ca\/wp-content\/uploads\/2023\/09\/SMC-High-Res-for-print-use-300x240.jpg 300w, https:\/\/actuslaw.ca\/wp-content\/uploads\/2023\/09\/SMC-High-Res-for-print-use-1024x819.jpg 1024w, https:\/\/actuslaw.ca\/wp-content\/uploads\/2023\/09\/SMC-High-Res-for-print-use-768x614.jpg 768w, https:\/\/actuslaw.ca\/wp-content\/uploads\/2023\/09\/SMC-High-Res-for-print-use-1536x1229.jpg 1536w, https:\/\/actuslaw.ca\/wp-content\/uploads\/2023\/09\/SMC-High-Res-for-print-use-2048x1639.jpg 2048w\" sizes=\"auto, (max-width: 2560px) 100vw, 2560px\" \/><\/a><\/figure>\n\n<h3 class=\"gb-headline gb-headline-e89ae3de gb-headline-text\"><a href=\"https:\/\/actuslaw.ca\/fr\/lawyer\/stephanie-m-cormier\/\">St\u00e9phanie M. Cormier<\/a><\/h3>\n<\/div><\/div>\n<\/div>\n","protected":false},"excerpt":{"rendered":"<p>Avocats en divorce<\/p>\n","protected":false},"author":2,"featured_media":0,"parent":873,"menu_order":0,"comment_status":"closed","ping_status":"closed","template":"","meta":{"_acf_changed":false,"footnotes":""},"class_list":["post-879","page","type-page","status-publish"],"acf":[],"yoast_head":"<!-- This site is optimized with the Yoast SEO plugin v27.4 - https:\/\/yoast.com\/product\/yoast-seo-wordpress\/ -->\n<title>Divorce - Actus Law Droit<\/title>\n<meta name=\"robots\" content=\"index, follow, max-snippet:-1, max-image-preview:large, max-video-preview:-1\" \/>\n<link rel=\"canonical\" href=\"https:\/\/actuslaw.ca\/fr\/droit-de-la-famille\/divorce\/\" \/>\n<meta property=\"og:locale\" content=\"fr_FR\" \/>\n<meta property=\"og:type\" content=\"article\" \/>\n<meta property=\"og:title\" content=\"Divorce - Actus Law Droit\" \/>\n<meta property=\"og:description\" content=\"Avocats en divorce\" \/>\n<meta property=\"og:url\" content=\"https:\/\/actuslaw.ca\/fr\/droit-de-la-famille\/divorce\/\" \/>\n<meta property=\"og:site_name\" content=\"Actus Law Droit\" \/>\n<meta property=\"article:publisher\" content=\"https:\/\/www.facebook.com\/actuslawdroit\/\" \/>\n<meta property=\"article:modified_time\" content=\"2023-10-11T23:25:14+00:00\" \/>\n<meta name=\"twitter:card\" content=\"summary_large_image\" \/>\n<meta name=\"twitter:label1\" content=\"Dur\u00e9e de lecture estim\u00e9e\" \/>\n\t<meta name=\"twitter:data1\" content=\"1 minute\" \/>\n<script type=\"application\/ld+json\" class=\"yoast-schema-graph\">{\"@context\":\"https:\\\/\\\/schema.org\",\"@graph\":[{\"@type\":\"WebPage\",\"@id\":\"https:\\\/\\\/actuslaw.ca\\\/fr\\\/droit-de-la-famille\\\/divorce\\\/\",\"url\":\"https:\\\/\\\/actuslaw.ca\\\/fr\\\/droit-de-la-famille\\\/divorce\\\/\",\"name\":\"Divorce - Actus Law Droit\",\"isPartOf\":{\"@id\":\"https:\\\/\\\/actuslaw.ca\\\/fr\\\/#website\"},\"datePublished\":\"2023-08-04T18:04:51+00:00\",\"dateModified\":\"2023-10-11T23:25:14+00:00\",\"breadcrumb\":{\"@id\":\"https:\\\/\\\/actuslaw.ca\\\/fr\\\/droit-de-la-famille\\\/divorce\\\/#breadcrumb\"},\"inLanguage\":\"fr-FR\",\"potentialAction\":[{\"@type\":\"ReadAction\",\"target\":[\"https:\\\/\\\/actuslaw.ca\\\/fr\\\/droit-de-la-famille\\\/divorce\\\/\"]}]},{\"@type\":\"BreadcrumbList\",\"@id\":\"https:\\\/\\\/actuslaw.ca\\\/fr\\\/droit-de-la-famille\\\/divorce\\\/#breadcrumb\",\"itemListElement\":[{\"@type\":\"ListItem\",\"position\":1,\"name\":\"Home\",\"item\":\"https:\\\/\\\/actuslaw.ca\\\/fr\\\/\"},{\"@type\":\"ListItem\",\"position\":2,\"name\":\"Droit de la famille\",\"item\":\"https:\\\/\\\/actuslaw.ca\\\/fr\\\/droit-de-la-famille\\\/\"},{\"@type\":\"ListItem\",\"position\":3,\"name\":\"Divorce\"}]},{\"@type\":\"WebSite\",\"@id\":\"https:\\\/\\\/actuslaw.ca\\\/fr\\\/#website\",\"url\":\"https:\\\/\\\/actuslaw.ca\\\/fr\\\/\",\"name\":\"Actus Law Droit\",\"description\":\"\",\"publisher\":{\"@id\":\"https:\\\/\\\/actuslaw.ca\\\/fr\\\/#organization\"},\"potentialAction\":[{\"@type\":\"SearchAction\",\"target\":{\"@type\":\"EntryPoint\",\"urlTemplate\":\"https:\\\/\\\/actuslaw.ca\\\/fr\\\/?s={search_term_string}\"},\"query-input\":{\"@type\":\"PropertyValueSpecification\",\"valueRequired\":true,\"valueName\":\"search_term_string\"}}],\"inLanguage\":\"fr-FR\"},{\"@type\":\"Organization\",\"@id\":\"https:\\\/\\\/actuslaw.ca\\\/fr\\\/#organization\",\"name\":\"Actus Law Droit\",\"url\":\"https:\\\/\\\/actuslaw.ca\\\/fr\\\/\",\"logo\":{\"@type\":\"ImageObject\",\"inLanguage\":\"fr-FR\",\"@id\":\"https:\\\/\\\/actuslaw.ca\\\/fr\\\/#\\\/schema\\\/logo\\\/image\\\/\",\"url\":\"https:\\\/\\\/actuslaw.ca\\\/wp-content\\\/uploads\\\/2023\\\/06\\\/actus-logo-vector.svg\",\"contentUrl\":\"https:\\\/\\\/actuslaw.ca\\\/wp-content\\\/uploads\\\/2023\\\/06\\\/actus-logo-vector.svg\",\"width\":633,\"height\":345,\"caption\":\"Actus Law Droit\"},\"image\":{\"@id\":\"https:\\\/\\\/actuslaw.ca\\\/fr\\\/#\\\/schema\\\/logo\\\/image\\\/\"},\"sameAs\":[\"https:\\\/\\\/www.facebook.com\\\/actuslawdroit\\\/\"]}]}<\/script>\n<!-- \/ Yoast SEO plugin. -->","yoast_head_json":{"title":"Divorce - Actus Law Droit","robots":{"index":"index","follow":"follow","max-snippet":"max-snippet:-1","max-image-preview":"max-image-preview:large","max-video-preview":"max-video-preview:-1"},"canonical":"https:\/\/actuslaw.ca\/fr\/droit-de-la-famille\/divorce\/","og_locale":"fr_FR","og_type":"article","og_title":"Divorce - Actus Law Droit","og_description":"Avocats en divorce","og_url":"https:\/\/actuslaw.ca\/fr\/droit-de-la-famille\/divorce\/","og_site_name":"Actus Law Droit","article_publisher":"https:\/\/www.facebook.com\/actuslawdroit\/","article_modified_time":"2023-10-11T23:25:14+00:00","twitter_card":"summary_large_image","twitter_misc":{"Dur\u00e9e de lecture estim\u00e9e":"1 minute"},"schema":{"@context":"https:\/\/schema.org","@graph":[{"@type":"WebPage","@id":"https:\/\/actuslaw.ca\/fr\/droit-de-la-famille\/divorce\/","url":"https:\/\/actuslaw.ca\/fr\/droit-de-la-famille\/divorce\/","name":"Divorce - Actus Law Droit","isPartOf":{"@id":"https:\/\/actuslaw.ca\/fr\/#website"},"datePublished":"2023-08-04T18:04:51+00:00","dateModified":"2023-10-11T23:25:14+00:00","breadcrumb":{"@id":"https:\/\/actuslaw.ca\/fr\/droit-de-la-famille\/divorce\/#breadcrumb"},"inLanguage":"fr-FR","potentialAction":[{"@type":"ReadAction","target":["https:\/\/actuslaw.ca\/fr\/droit-de-la-famille\/divorce\/"]}]},{"@type":"BreadcrumbList","@id":"https:\/\/actuslaw.ca\/fr\/droit-de-la-famille\/divorce\/#breadcrumb","itemListElement":[{"@type":"ListItem","position":1,"name":"Home","item":"https:\/\/actuslaw.ca\/fr\/"},{"@type":"ListItem","position":2,"name":"Droit de la famille","item":"https:\/\/actuslaw.ca\/fr\/droit-de-la-famille\/"},{"@type":"ListItem","position":3,"name":"Divorce"}]},{"@type":"WebSite","@id":"https:\/\/actuslaw.ca\/fr\/#website","url":"https:\/\/actuslaw.ca\/fr\/","name":"Actus Law Droit","description":"","publisher":{"@id":"https:\/\/actuslaw.ca\/fr\/#organization"},"potentialAction":[{"@type":"SearchAction","target":{"@type":"EntryPoint","urlTemplate":"https:\/\/actuslaw.ca\/fr\/?s={search_term_string}"},"query-input":{"@type":"PropertyValueSpecification","valueRequired":true,"valueName":"search_term_string"}}],"inLanguage":"fr-FR"},{"@type":"Organization","@id":"https:\/\/actuslaw.ca\/fr\/#organization","name":"Actus Law Droit","url":"https:\/\/actuslaw.ca\/fr\/","logo":{"@type":"ImageObject","inLanguage":"fr-FR","@id":"https:\/\/actuslaw.ca\/fr\/#\/schema\/logo\/image\/","url":"https:\/\/actuslaw.ca\/wp-content\/uploads\/2023\/06\/actus-logo-vector.svg","contentUrl":"https:\/\/actuslaw.ca\/wp-content\/uploads\/2023\/06\/actus-logo-vector.svg","width":633,"height":345,"caption":"Actus Law Droit"},"image":{"@id":"https:\/\/actuslaw.ca\/fr\/#\/schema\/logo\/image\/"},"sameAs":["https:\/\/www.facebook.com\/actuslawdroit\/"]}]}},"_links":{"self":[{"href":"https:\/\/actuslaw.ca\/fr\/wp-json\/wp\/v2\/pages\/879","targetHints":{"allow":["GET"]}}],"collection":[{"href":"https:\/\/actuslaw.ca\/fr\/wp-json\/wp\/v2\/pages"}],"about":[{"href":"https:\/\/actuslaw.ca\/fr\/wp-json\/wp\/v2\/types\/page"}],"author":[{"embeddable":true,"href":"https:\/\/actuslaw.ca\/fr\/wp-json\/wp\/v2\/users\/2"}],"replies":[{"embeddable":true,"href":"https:\/\/actuslaw.ca\/fr\/wp-json\/wp\/v2\/comments?post=879"}],"version-history":[{"count":2,"href":"https:\/\/actuslaw.ca\/fr\/wp-json\/wp\/v2\/pages\/879\/revisions"}],"predecessor-version":[{"id":989,"href":"https:\/\/actuslaw.ca\/fr\/wp-json\/wp\/v2\/pages\/879\/revisions\/989"}],"up":[{"embeddable":true,"href":"https:\/\/actuslaw.ca\/fr\/wp-json\/wp\/v2\/pages\/873"}],"wp:attachment":[{"href":"https:\/\/actuslaw.ca\/fr\/wp-json\/wp\/v2\/media?parent=879"}],"curies":[{"name":"wp","href":"https:\/\/api.w.org\/{rel}","templated":true}]}}