{"id":877,"date":"2023-08-04T15:04:51","date_gmt":"2023-08-04T18:04:51","guid":{"rendered":"http:\/\/dev4.corazzamarketing.ca\/droit-de-la-famille\/garde-et-acces\/"},"modified":"2024-03-09T12:27:30","modified_gmt":"2024-03-09T16:27:30","slug":"garde-et-acces","status":"publish","type":"page","link":"https:\/\/actuslaw.ca\/fr\/droit-de-la-famille\/garde-et-acces\/","title":{"rendered":"Garde et acc\u00e8s"},"content":{"rendered":"<div class=\"gb-container gb-container-30af72ea\">\n<div class=\"gb-container gb-container-7dace7cc\">\n<div class=\"gb-grid-wrapper gb-grid-wrapper-0324992a\">\n<div class=\"gb-grid-column gb-grid-column-21c4903e\"><div class=\"gb-container gb-container-21c4903e\">\n\n<h3 class=\"gb-headline gb-headline-24f89e81 gb-headline-text\">Nous pratiquons dans tous les domaines du droit familial, notamment:<\/h3>\n\n\n\n<ul class=\"wp-block-list\">\n<li><a href=\"https:\/\/actuslaw.ca\/fr\/droit-de-la-famille\/pension-alimentaire\/\"><strong>Pension alimentaire<\/strong><\/a><\/li>\n\n\n\n<li><a href=\"https:\/\/actuslaw.ca\/fr\/droit-de-la-famille\/garde-et-acces\/\"><strong>Garde et acc\u00e8s<\/strong><\/a><\/li>\n\n\n\n<li><a href=\"https:\/\/actuslaw.ca\/fr\/droit-de-la-famille\/division-des-biens\/\"><strong>Division des biens<\/strong><\/a><\/li>\n\n\n\n<li><a href=\"https:\/\/actuslaw.ca\/fr\/droit-de-la-famille\/divorce\/\"><strong>Divorce<\/strong><\/a><\/li>\n\n\n\n<li><a href=\"https:\/\/actuslaw.ca\/fr\/droit-de-la-famille\/ententes-de-cohabitation-et-contrats-de-mariage\/\"><strong>Ententes de cohabitation et contrats de mariage<\/strong><\/a><\/li>\n\n\n\n<li><a href=\"https:\/\/actuslaw.ca\/fr\/droit-de-la-famille\/ententes-de-separation\/\"><strong>Ententes de s\u00e9paration<\/strong><\/a><\/li>\n\n\n\n<li><a href=\"https:\/\/actuslaw.ca\/fr\/droit-de-la-famille\/pension-alimentaire-pour-conjoints\/\"><strong>Pension alimentaire pour conjoints<\/strong><\/a><\/li>\n\n\n\n<li><a href=\"https:\/\/actuslaw.ca\/fr\/droit-de-la-famille\/droit-de-la-fecondite\/\" data-type=\"page\" data-id=\"299\"><strong>Droit de la f\u00e9condit\u00e9<\/strong><\/a><\/li>\n<\/ul>\n\n<\/div><\/div>\n\n<div class=\"gb-grid-column gb-grid-column-0275c3d9\"><div class=\"gb-container gb-container-0275c3d9\">\n\n<p>Lors d\u2019une s\u00e9paration ou d\u2019un divorce, les enfants sont souvent la pr\u00e9occupation principale des couples. En tant que tel, les questions de garde et de droit de visite sont souvent au c\u0153ur des conflits familiaux. <\/p>\n\n\n\n<p>La garde consiste de la responsabilit\u00e9 de s\u2019occuper des soins quotidiens d\u2019un enfant et \u00e0 en exercer la surveillance, ainsi que de prendre les d\u00e9cisions relatives au bien-\u00eatre de l\u2019enfant, telles que les d\u00e9cisions relatives \u00e0 l\u2019\u00e9ducation, \u00e0 la religion et aux soins de sant\u00e9. Au Nouveau-Brunswick, la loi pr\u00e9cise que les deux parents assument la garde conjointe de leurs enfants, \u00e0 moins d&rsquo;une ordonnance d&rsquo;un tribunal ou d&rsquo;une entente \u00e9crite \u00e0 l&rsquo;effet contraire. Il existe diff\u00e9rents types de garde, tels que la garde l\u00e9gale conjointe, la garde exclusive, la garde partag\u00e9e et la garde divis\u00e9e.  <\/p>\n\n\n\n<p>Les droits de visite d\u00e9signent le droit pour un enfant et son parent non-gardien de passer du temps ensemble selon l\u2019horaire de visite mis en place.<\/p>\n\n\n\n<p>Les questions de garde et de droits de visite sont souvent \u00e9motionnelles, conflictuelles et complexes, de sorte qu\u2019elles peuvent \u00eatre difficiles \u00e0 r\u00e9soudre. Les avocats d\u2019Actus Law Droit poss\u00e8dent l&rsquo;expertise n\u00e9cessaire pour vous aider \u00e0 comprendre vos droits et vos obligations et vous aideront \u00e0 trouver une r\u00e9solution conforme \u00e0 l&rsquo;int\u00e9r\u00eat sup\u00e9rieur de vos enfants. <\/p>\n\n<\/div><\/div>\n<\/div>\n<\/div>\n<\/div>\n<h2 class=\"gb-headline gb-headline-fbdc97e9 gb-headline-text\">Avocats en garde et acc\u00e8s<\/h2>\n\n<div class=\"gb-grid-wrapper gb-grid-wrapper-d911d59e gb-query-loop-wrapper\">\n<div class=\"gb-grid-column gb-grid-column-4ecff85e gb-query-loop-item post-927 lawyer type-lawyer status-publish has-post-thumbnail hentry practice-area-divorce-fr-2 practice-area-droit-de-la-famille practice-area-ententes-de-separation practice-area-garde-et-acces\"><div class=\"gb-container gb-container-4ecff85e\">\n<figure class=\"gb-block-image gb-block-image-51cc2ca9\"><a href=\"https:\/\/actuslaw.ca\/fr\/lawyer\/stephanie-m-cormier\/\"><img loading=\"lazy\" decoding=\"async\" width=\"2560\" height=\"2048\" src=\"https:\/\/actuslaw.ca\/wp-content\/uploads\/2023\/09\/SMC-High-Res-for-print-use-scaled.jpg\" class=\"gb-image-51cc2ca9\" alt=\"\" srcset=\"https:\/\/actuslaw.ca\/wp-content\/uploads\/2023\/09\/SMC-High-Res-for-print-use-scaled.jpg 2560w, https:\/\/actuslaw.ca\/wp-content\/uploads\/2023\/09\/SMC-High-Res-for-print-use-300x240.jpg 300w, https:\/\/actuslaw.ca\/wp-content\/uploads\/2023\/09\/SMC-High-Res-for-print-use-1024x819.jpg 1024w, https:\/\/actuslaw.ca\/wp-content\/uploads\/2023\/09\/SMC-High-Res-for-print-use-768x614.jpg 768w, https:\/\/actuslaw.ca\/wp-content\/uploads\/2023\/09\/SMC-High-Res-for-print-use-1536x1229.jpg 1536w, https:\/\/actuslaw.ca\/wp-content\/uploads\/2023\/09\/SMC-High-Res-for-print-use-2048x1639.jpg 2048w\" sizes=\"auto, (max-width: 2560px) 100vw, 2560px\" \/><\/a><\/figure>\n\n<h3 class=\"gb-headline gb-headline-e89ae3de gb-headline-text\"><a href=\"https:\/\/actuslaw.ca\/fr\/lawyer\/stephanie-m-cormier\/\">St\u00e9phanie M. Cormier<\/a><\/h3>\n<\/div><\/div>\n<\/div>\n","protected":false},"excerpt":{"rendered":"<p>Avocats en garde et acc\u00e8s<\/p>\n","protected":false},"author":2,"featured_media":0,"parent":873,"menu_order":0,"comment_status":"closed","ping_status":"closed","template":"","meta":{"_acf_changed":false,"footnotes":""},"class_list":["post-877","page","type-page","status-publish"],"acf":[],"yoast_head":"<!-- This site is optimized with the Yoast SEO plugin v27.4 - https:\/\/yoast.com\/product\/yoast-seo-wordpress\/ -->\n<title>Garde et acc\u00e8s - Actus Law Droit<\/title>\n<meta name=\"robots\" content=\"index, follow, max-snippet:-1, max-image-preview:large, max-video-preview:-1\" \/>\n<link rel=\"canonical\" href=\"https:\/\/actuslaw.ca\/fr\/droit-de-la-famille\/garde-et-acces\/\" \/>\n<meta property=\"og:locale\" content=\"fr_FR\" \/>\n<meta property=\"og:type\" content=\"article\" \/>\n<meta property=\"og:title\" content=\"Garde et acc\u00e8s - Actus Law Droit\" \/>\n<meta property=\"og:description\" content=\"Avocats en garde et acc\u00e8s\" \/>\n<meta property=\"og:url\" content=\"https:\/\/actuslaw.ca\/fr\/droit-de-la-famille\/garde-et-acces\/\" \/>\n<meta property=\"og:site_name\" content=\"Actus Law Droit\" \/>\n<meta property=\"article:publisher\" content=\"https:\/\/www.facebook.com\/actuslawdroit\/\" \/>\n<meta property=\"article:modified_time\" content=\"2024-03-09T16:27:30+00:00\" \/>\n<meta name=\"twitter:card\" content=\"summary_large_image\" \/>\n<meta name=\"twitter:label1\" content=\"Dur\u00e9e de lecture estim\u00e9e\" \/>\n\t<meta name=\"twitter:data1\" content=\"1 minute\" \/>\n<script type=\"application\/ld+json\" class=\"yoast-schema-graph\">{\"@context\":\"https:\\\/\\\/schema.org\",\"@graph\":[{\"@type\":\"WebPage\",\"@id\":\"https:\\\/\\\/actuslaw.ca\\\/fr\\\/droit-de-la-famille\\\/garde-et-acces\\\/\",\"url\":\"https:\\\/\\\/actuslaw.ca\\\/fr\\\/droit-de-la-famille\\\/garde-et-acces\\\/\",\"name\":\"Garde et acc\u00e8s - Actus Law Droit\",\"isPartOf\":{\"@id\":\"https:\\\/\\\/actuslaw.ca\\\/fr\\\/#website\"},\"datePublished\":\"2023-08-04T18:04:51+00:00\",\"dateModified\":\"2024-03-09T16:27:30+00:00\",\"breadcrumb\":{\"@id\":\"https:\\\/\\\/actuslaw.ca\\\/fr\\\/droit-de-la-famille\\\/garde-et-acces\\\/#breadcrumb\"},\"inLanguage\":\"fr-FR\",\"potentialAction\":[{\"@type\":\"ReadAction\",\"target\":[\"https:\\\/\\\/actuslaw.ca\\\/fr\\\/droit-de-la-famille\\\/garde-et-acces\\\/\"]}]},{\"@type\":\"BreadcrumbList\",\"@id\":\"https:\\\/\\\/actuslaw.ca\\\/fr\\\/droit-de-la-famille\\\/garde-et-acces\\\/#breadcrumb\",\"itemListElement\":[{\"@type\":\"ListItem\",\"position\":1,\"name\":\"Home\",\"item\":\"https:\\\/\\\/actuslaw.ca\\\/fr\\\/\"},{\"@type\":\"ListItem\",\"position\":2,\"name\":\"Droit de la famille\",\"item\":\"https:\\\/\\\/actuslaw.ca\\\/fr\\\/droit-de-la-famille\\\/\"},{\"@type\":\"ListItem\",\"position\":3,\"name\":\"Garde et acc\u00e8s\"}]},{\"@type\":\"WebSite\",\"@id\":\"https:\\\/\\\/actuslaw.ca\\\/fr\\\/#website\",\"url\":\"https:\\\/\\\/actuslaw.ca\\\/fr\\\/\",\"name\":\"Actus Law Droit\",\"description\":\"\",\"publisher\":{\"@id\":\"https:\\\/\\\/actuslaw.ca\\\/fr\\\/#organization\"},\"potentialAction\":[{\"@type\":\"SearchAction\",\"target\":{\"@type\":\"EntryPoint\",\"urlTemplate\":\"https:\\\/\\\/actuslaw.ca\\\/fr\\\/?s={search_term_string}\"},\"query-input\":{\"@type\":\"PropertyValueSpecification\",\"valueRequired\":true,\"valueName\":\"search_term_string\"}}],\"inLanguage\":\"fr-FR\"},{\"@type\":\"Organization\",\"@id\":\"https:\\\/\\\/actuslaw.ca\\\/fr\\\/#organization\",\"name\":\"Actus Law Droit\",\"url\":\"https:\\\/\\\/actuslaw.ca\\\/fr\\\/\",\"logo\":{\"@type\":\"ImageObject\",\"inLanguage\":\"fr-FR\",\"@id\":\"https:\\\/\\\/actuslaw.ca\\\/fr\\\/#\\\/schema\\\/logo\\\/image\\\/\",\"url\":\"https:\\\/\\\/actuslaw.ca\\\/wp-content\\\/uploads\\\/2023\\\/06\\\/actus-logo-vector.svg\",\"contentUrl\":\"https:\\\/\\\/actuslaw.ca\\\/wp-content\\\/uploads\\\/2023\\\/06\\\/actus-logo-vector.svg\",\"width\":633,\"height\":345,\"caption\":\"Actus Law Droit\"},\"image\":{\"@id\":\"https:\\\/\\\/actuslaw.ca\\\/fr\\\/#\\\/schema\\\/logo\\\/image\\\/\"},\"sameAs\":[\"https:\\\/\\\/www.facebook.com\\\/actuslawdroit\\\/\"]}]}<\/script>\n<!-- \/ Yoast SEO plugin. -->","yoast_head_json":{"title":"Garde et acc\u00e8s - Actus Law Droit","robots":{"index":"index","follow":"follow","max-snippet":"max-snippet:-1","max-image-preview":"max-image-preview:large","max-video-preview":"max-video-preview:-1"},"canonical":"https:\/\/actuslaw.ca\/fr\/droit-de-la-famille\/garde-et-acces\/","og_locale":"fr_FR","og_type":"article","og_title":"Garde et acc\u00e8s - Actus Law Droit","og_description":"Avocats en garde et acc\u00e8s","og_url":"https:\/\/actuslaw.ca\/fr\/droit-de-la-famille\/garde-et-acces\/","og_site_name":"Actus Law Droit","article_publisher":"https:\/\/www.facebook.com\/actuslawdroit\/","article_modified_time":"2024-03-09T16:27:30+00:00","twitter_card":"summary_large_image","twitter_misc":{"Dur\u00e9e de lecture estim\u00e9e":"1 minute"},"schema":{"@context":"https:\/\/schema.org","@graph":[{"@type":"WebPage","@id":"https:\/\/actuslaw.ca\/fr\/droit-de-la-famille\/garde-et-acces\/","url":"https:\/\/actuslaw.ca\/fr\/droit-de-la-famille\/garde-et-acces\/","name":"Garde et acc\u00e8s - Actus Law Droit","isPartOf":{"@id":"https:\/\/actuslaw.ca\/fr\/#website"},"datePublished":"2023-08-04T18:04:51+00:00","dateModified":"2024-03-09T16:27:30+00:00","breadcrumb":{"@id":"https:\/\/actuslaw.ca\/fr\/droit-de-la-famille\/garde-et-acces\/#breadcrumb"},"inLanguage":"fr-FR","potentialAction":[{"@type":"ReadAction","target":["https:\/\/actuslaw.ca\/fr\/droit-de-la-famille\/garde-et-acces\/"]}]},{"@type":"BreadcrumbList","@id":"https:\/\/actuslaw.ca\/fr\/droit-de-la-famille\/garde-et-acces\/#breadcrumb","itemListElement":[{"@type":"ListItem","position":1,"name":"Home","item":"https:\/\/actuslaw.ca\/fr\/"},{"@type":"ListItem","position":2,"name":"Droit de la famille","item":"https:\/\/actuslaw.ca\/fr\/droit-de-la-famille\/"},{"@type":"ListItem","position":3,"name":"Garde et acc\u00e8s"}]},{"@type":"WebSite","@id":"https:\/\/actuslaw.ca\/fr\/#website","url":"https:\/\/actuslaw.ca\/fr\/","name":"Actus Law Droit","description":"","publisher":{"@id":"https:\/\/actuslaw.ca\/fr\/#organization"},"potentialAction":[{"@type":"SearchAction","target":{"@type":"EntryPoint","urlTemplate":"https:\/\/actuslaw.ca\/fr\/?s={search_term_string}"},"query-input":{"@type":"PropertyValueSpecification","valueRequired":true,"valueName":"search_term_string"}}],"inLanguage":"fr-FR"},{"@type":"Organization","@id":"https:\/\/actuslaw.ca\/fr\/#organization","name":"Actus Law Droit","url":"https:\/\/actuslaw.ca\/fr\/","logo":{"@type":"ImageObject","inLanguage":"fr-FR","@id":"https:\/\/actuslaw.ca\/fr\/#\/schema\/logo\/image\/","url":"https:\/\/actuslaw.ca\/wp-content\/uploads\/2023\/06\/actus-logo-vector.svg","contentUrl":"https:\/\/actuslaw.ca\/wp-content\/uploads\/2023\/06\/actus-logo-vector.svg","width":633,"height":345,"caption":"Actus Law Droit"},"image":{"@id":"https:\/\/actuslaw.ca\/fr\/#\/schema\/logo\/image\/"},"sameAs":["https:\/\/www.facebook.com\/actuslawdroit\/"]}]}},"_links":{"self":[{"href":"https:\/\/actuslaw.ca\/fr\/wp-json\/wp\/v2\/pages\/877","targetHints":{"allow":["GET"]}}],"collection":[{"href":"https:\/\/actuslaw.ca\/fr\/wp-json\/wp\/v2\/pages"}],"about":[{"href":"https:\/\/actuslaw.ca\/fr\/wp-json\/wp\/v2\/types\/page"}],"author":[{"embeddable":true,"href":"https:\/\/actuslaw.ca\/fr\/wp-json\/wp\/v2\/users\/2"}],"replies":[{"embeddable":true,"href":"https:\/\/actuslaw.ca\/fr\/wp-json\/wp\/v2\/comments?post=877"}],"version-history":[{"count":5,"href":"https:\/\/actuslaw.ca\/fr\/wp-json\/wp\/v2\/pages\/877\/revisions"}],"predecessor-version":[{"id":1120,"href":"https:\/\/actuslaw.ca\/fr\/wp-json\/wp\/v2\/pages\/877\/revisions\/1120"}],"up":[{"embeddable":true,"href":"https:\/\/actuslaw.ca\/fr\/wp-json\/wp\/v2\/pages\/873"}],"wp:attachment":[{"href":"https:\/\/actuslaw.ca\/fr\/wp-json\/wp\/v2\/media?parent=877"}],"curies":[{"name":"wp","href":"https:\/\/api.w.org\/{rel}","templated":true}]}}