{"id":873,"date":"2023-08-04T15:04:51","date_gmt":"2023-08-04T18:04:51","guid":{"rendered":"http:\/\/dev4.corazzamarketing.ca\/droit-de-la-famille\/"},"modified":"2024-07-03T15:45:58","modified_gmt":"2024-07-03T18:45:58","slug":"droit-de-la-famille","status":"publish","type":"page","link":"https:\/\/actuslaw.ca\/fr\/droit-de-la-famille\/","title":{"rendered":"Droit de la famille"},"content":{"rendered":"<div class=\"gb-container gb-container-30af72ea\">\n<div class=\"gb-container gb-container-7dace7cc\">\n<div class=\"gb-grid-wrapper gb-grid-wrapper-0324992a\">\n<div class=\"gb-grid-column gb-grid-column-21c4903e\"><div class=\"gb-container gb-container-21c4903e\">\n\n<h3 class=\"gb-headline gb-headline-24f89e81 gb-headline-text\">Nous pratiquons dans tous les domaines du droit familial, notamment:<\/h3>\n\n\n\n<ul class=\"wp-block-list\">\n<li><a href=\"https:\/\/actuslaw.ca\/fr\/droit-de-la-famille\/pension-alimentaire\/\"><strong>Pension alimentaire<\/strong><\/a><\/li>\n\n\n\n<li><a href=\"https:\/\/actuslaw.ca\/fr\/droit-de-la-famille\/garde-et-acces\/\"><strong>Garde et acc\u00e8s<\/strong><\/a><\/li>\n\n\n\n<li><a href=\"https:\/\/actuslaw.ca\/fr\/droit-de-la-famille\/division-des-biens\/\"><strong>Division des biens<\/strong><\/a><\/li>\n\n\n\n<li><a href=\"https:\/\/actuslaw.ca\/fr\/droit-de-la-famille\/divorce\/\"><strong>Divorce<\/strong><\/a><\/li>\n\n\n\n<li><a href=\"https:\/\/actuslaw.ca\/fr\/droit-de-la-famille\/ententes-de-cohabitation-et-contrats-de-mariage\/\"><strong>Ententes de cohabitation et contrats de mariage<\/strong><\/a><\/li>\n\n\n\n<li><a href=\"https:\/\/actuslaw.ca\/fr\/droit-de-la-famille\/ententes-de-separation\/\"><strong>Ententes de s\u00e9paration<\/strong><\/a><\/li>\n\n\n\n<li><a href=\"https:\/\/actuslaw.ca\/fr\/droit-de-la-famille\/pension-alimentaire-pour-conjoints\/\"><strong>Pension alimentaire pour conjoints<\/strong><\/a><\/li>\n\n\n\n<li><a href=\"https:\/\/actuslaw.ca\/fr\/droit-de-la-famille\/droit-de-la-fecondite\/\" data-type=\"page\" data-id=\"299\"><strong>Droit de la f\u00e9condit\u00e9<\/strong><\/a><\/li>\n<\/ul>\n\n<\/div><\/div>\n\n<div class=\"gb-grid-column gb-grid-column-0275c3d9\"><div class=\"gb-container gb-container-0275c3d9\">\n\n<p>Actus Law Droit poss\u00e8de une \u00e9quipe d\u2019avocats hautement qualifi\u00e9e en droit familial. \u00c0 tous les jours, nous aidons nos clients \u00e0 r\u00e9soudre des conflits familiaux par l\u2019entremise de la n\u00e9gociation, du droit collaboratif et devant les tribunaux.<\/p>\n\n\n\n<p>Nous comprenons que les \u00e9v\u00e8nements entourant la s\u00e9paration et le divorce comptent parmi les exp\u00e9riences les plus difficiles de la vie. Les questions juridiques en droit familial peuvent \u00eatre simples ou tr\u00e8s complexes. Peu importe votre situation, les avocats d\u2019Actus Law Droit seront ici pour vous aider en vous offrant des avis juridiques. Puisque chaque situation est unique, nous avons comme objectif de vous offrir un service adapt\u00e9 \u00e0 vos besoins sp\u00e9cifiques. Nos avocats travaillerons en collaboration avec vous afin d\u2019obtenir les meilleurs r\u00e9sultats possibles.    <\/p>\n\n\n\n<p>Notre \u00e9quipe fera avancer votre dossier de fa\u00e7on efficace jusqu\u2019\u00e0 sa fin, soit en n\u00e9gociant hors cours ou, si n\u00e9cessaire, en plaidant votre cause avec force et efficacit\u00e9 devant les tribunaux.<\/p>\n\n\n\n<p>Actus Law Droit est une \u00e9quipe \u00e0 services complets. En tant que tel, nos coll\u00e8gues sont toujours disponibles pour fins de consultation dans les autres domaines de droit qui pourraient vous affecter, tels que les testaments et les successions, le droit des soci\u00e9t\u00e9s, commercial et immobilier.<\/p>\n\n<\/div><\/div>\n<\/div>\n<\/div>\n<\/div>\n<h2 class=\"gb-headline gb-headline-fbdc97e9 gb-headline-text\">Avocats en droit de la famille<\/h2>\n\n<div class=\"gb-grid-wrapper gb-grid-wrapper-d911d59e gb-query-loop-wrapper\">\n<div class=\"gb-grid-column gb-grid-column-4ecff85e gb-query-loop-item post-927 lawyer type-lawyer status-publish has-post-thumbnail hentry practice-area-divorce-fr-2 practice-area-droit-de-la-famille practice-area-ententes-de-separation practice-area-garde-et-acces\"><div class=\"gb-container gb-container-4ecff85e\">\n<figure class=\"gb-block-image gb-block-image-51cc2ca9\"><a href=\"https:\/\/actuslaw.ca\/fr\/lawyer\/stephanie-m-cormier\/\"><img loading=\"lazy\" decoding=\"async\" width=\"2560\" height=\"2048\" src=\"https:\/\/actuslaw.ca\/wp-content\/uploads\/2023\/09\/SMC-High-Res-for-print-use-scaled.jpg\" class=\"gb-image-51cc2ca9\" alt=\"\" srcset=\"https:\/\/actuslaw.ca\/wp-content\/uploads\/2023\/09\/SMC-High-Res-for-print-use-scaled.jpg 2560w, https:\/\/actuslaw.ca\/wp-content\/uploads\/2023\/09\/SMC-High-Res-for-print-use-300x240.jpg 300w, https:\/\/actuslaw.ca\/wp-content\/uploads\/2023\/09\/SMC-High-Res-for-print-use-1024x819.jpg 1024w, https:\/\/actuslaw.ca\/wp-content\/uploads\/2023\/09\/SMC-High-Res-for-print-use-768x614.jpg 768w, https:\/\/actuslaw.ca\/wp-content\/uploads\/2023\/09\/SMC-High-Res-for-print-use-1536x1229.jpg 1536w, https:\/\/actuslaw.ca\/wp-content\/uploads\/2023\/09\/SMC-High-Res-for-print-use-2048x1639.jpg 2048w\" sizes=\"auto, (max-width: 2560px) 100vw, 2560px\" \/><\/a><\/figure>\n\n<h3 class=\"gb-headline gb-headline-e89ae3de gb-headline-text\"><a href=\"https:\/\/actuslaw.ca\/fr\/lawyer\/stephanie-m-cormier\/\">St\u00e9phanie M. Cormier<\/a><\/h3>\n<\/div><\/div>\n\n<div class=\"gb-grid-column gb-grid-column-4ecff85e gb-query-loop-item post-936 lawyer type-lawyer status-publish has-post-thumbnail hentry practice-area-adoptions-fr-2 practice-area-division-des-biens practice-area-divorce-fr-2 practice-area-droit-de-la-famille practice-area-droit-de-la-fecondite practice-area-ententes-de-cohabitation-et-contrats-de-mariage practice-area-pension-alimentaire\"><div class=\"gb-container gb-container-4ecff85e\">\n<figure class=\"gb-block-image gb-block-image-51cc2ca9\"><a href=\"https:\/\/actuslaw.ca\/fr\/lawyer\/jocelyne-leger-nowlan\/\"><img loading=\"lazy\" decoding=\"async\" width=\"2560\" height=\"1920\" src=\"https:\/\/actuslaw.ca\/wp-content\/uploads\/2023\/09\/DD78882-scaled.jpg\" class=\"gb-image-51cc2ca9\" alt=\"\" srcset=\"https:\/\/actuslaw.ca\/wp-content\/uploads\/2023\/09\/DD78882-scaled.jpg 2560w, https:\/\/actuslaw.ca\/wp-content\/uploads\/2023\/09\/DD78882-300x225.jpg 300w, https:\/\/actuslaw.ca\/wp-content\/uploads\/2023\/09\/DD78882-1024x768.jpg 1024w, https:\/\/actuslaw.ca\/wp-content\/uploads\/2023\/09\/DD78882-768x576.jpg 768w, https:\/\/actuslaw.ca\/wp-content\/uploads\/2023\/09\/DD78882-1536x1152.jpg 1536w, https:\/\/actuslaw.ca\/wp-content\/uploads\/2023\/09\/DD78882-2048x1536.jpg 2048w\" sizes=\"auto, (max-width: 2560px) 100vw, 2560px\" \/><\/a><\/figure>\n\n<h3 class=\"gb-headline gb-headline-e89ae3de gb-headline-text\"><a href=\"https:\/\/actuslaw.ca\/fr\/lawyer\/jocelyne-leger-nowlan\/\">Jocelyne L\u00e9ger-Nowlan<\/a><\/h3>\n<\/div><\/div>\n<\/div>\n","protected":false},"excerpt":{"rendered":"<p>Avocats en droit de la famille<\/p>\n","protected":false},"author":2,"featured_media":0,"parent":0,"menu_order":0,"comment_status":"closed","ping_status":"closed","template":"","meta":{"_acf_changed":false,"footnotes":""},"class_list":["post-873","page","type-page","status-publish"],"acf":[],"yoast_head":"<!-- This site is optimized with the Yoast SEO plugin v27.4 - https:\/\/yoast.com\/product\/yoast-seo-wordpress\/ -->\n<title>Droit de la famille - Actus Law Droit<\/title>\n<meta name=\"robots\" content=\"index, follow, max-snippet:-1, max-image-preview:large, max-video-preview:-1\" \/>\n<link rel=\"canonical\" href=\"https:\/\/actuslaw.ca\/fr\/droit-de-la-famille\/\" \/>\n<meta property=\"og:locale\" content=\"fr_FR\" \/>\n<meta property=\"og:type\" content=\"article\" \/>\n<meta property=\"og:title\" content=\"Droit de la famille - Actus Law Droit\" \/>\n<meta property=\"og:description\" content=\"Avocats en droit de la famille\" \/>\n<meta property=\"og:url\" content=\"https:\/\/actuslaw.ca\/fr\/droit-de-la-famille\/\" \/>\n<meta property=\"og:site_name\" content=\"Actus Law Droit\" \/>\n<meta property=\"article:publisher\" content=\"https:\/\/www.facebook.com\/actuslawdroit\/\" \/>\n<meta property=\"article:modified_time\" content=\"2024-07-03T18:45:58+00:00\" \/>\n<meta name=\"twitter:card\" content=\"summary_large_image\" \/>\n<meta name=\"twitter:label1\" content=\"Dur\u00e9e de lecture estim\u00e9e\" \/>\n\t<meta name=\"twitter:data1\" content=\"1 minute\" \/>\n<script type=\"application\/ld+json\" class=\"yoast-schema-graph\">{\"@context\":\"https:\\\/\\\/schema.org\",\"@graph\":[{\"@type\":\"WebPage\",\"@id\":\"https:\\\/\\\/actuslaw.ca\\\/fr\\\/droit-de-la-famille\\\/\",\"url\":\"https:\\\/\\\/actuslaw.ca\\\/fr\\\/droit-de-la-famille\\\/\",\"name\":\"Droit de la famille - Actus Law Droit\",\"isPartOf\":{\"@id\":\"https:\\\/\\\/actuslaw.ca\\\/fr\\\/#website\"},\"datePublished\":\"2023-08-04T18:04:51+00:00\",\"dateModified\":\"2024-07-03T18:45:58+00:00\",\"breadcrumb\":{\"@id\":\"https:\\\/\\\/actuslaw.ca\\\/fr\\\/droit-de-la-famille\\\/#breadcrumb\"},\"inLanguage\":\"fr-FR\",\"potentialAction\":[{\"@type\":\"ReadAction\",\"target\":[\"https:\\\/\\\/actuslaw.ca\\\/fr\\\/droit-de-la-famille\\\/\"]}]},{\"@type\":\"BreadcrumbList\",\"@id\":\"https:\\\/\\\/actuslaw.ca\\\/fr\\\/droit-de-la-famille\\\/#breadcrumb\",\"itemListElement\":[{\"@type\":\"ListItem\",\"position\":1,\"name\":\"Home\",\"item\":\"https:\\\/\\\/actuslaw.ca\\\/fr\\\/\"},{\"@type\":\"ListItem\",\"position\":2,\"name\":\"Droit de la famille\"}]},{\"@type\":\"WebSite\",\"@id\":\"https:\\\/\\\/actuslaw.ca\\\/fr\\\/#website\",\"url\":\"https:\\\/\\\/actuslaw.ca\\\/fr\\\/\",\"name\":\"Actus Law Droit\",\"description\":\"\",\"publisher\":{\"@id\":\"https:\\\/\\\/actuslaw.ca\\\/fr\\\/#organization\"},\"potentialAction\":[{\"@type\":\"SearchAction\",\"target\":{\"@type\":\"EntryPoint\",\"urlTemplate\":\"https:\\\/\\\/actuslaw.ca\\\/fr\\\/?s={search_term_string}\"},\"query-input\":{\"@type\":\"PropertyValueSpecification\",\"valueRequired\":true,\"valueName\":\"search_term_string\"}}],\"inLanguage\":\"fr-FR\"},{\"@type\":\"Organization\",\"@id\":\"https:\\\/\\\/actuslaw.ca\\\/fr\\\/#organization\",\"name\":\"Actus Law Droit\",\"url\":\"https:\\\/\\\/actuslaw.ca\\\/fr\\\/\",\"logo\":{\"@type\":\"ImageObject\",\"inLanguage\":\"fr-FR\",\"@id\":\"https:\\\/\\\/actuslaw.ca\\\/fr\\\/#\\\/schema\\\/logo\\\/image\\\/\",\"url\":\"https:\\\/\\\/actuslaw.ca\\\/wp-content\\\/uploads\\\/2023\\\/06\\\/actus-logo-vector.svg\",\"contentUrl\":\"https:\\\/\\\/actuslaw.ca\\\/wp-content\\\/uploads\\\/2023\\\/06\\\/actus-logo-vector.svg\",\"width\":633,\"height\":345,\"caption\":\"Actus Law Droit\"},\"image\":{\"@id\":\"https:\\\/\\\/actuslaw.ca\\\/fr\\\/#\\\/schema\\\/logo\\\/image\\\/\"},\"sameAs\":[\"https:\\\/\\\/www.facebook.com\\\/actuslawdroit\\\/\"]}]}<\/script>\n<!-- \/ Yoast SEO plugin. -->","yoast_head_json":{"title":"Droit de la famille - Actus Law Droit","robots":{"index":"index","follow":"follow","max-snippet":"max-snippet:-1","max-image-preview":"max-image-preview:large","max-video-preview":"max-video-preview:-1"},"canonical":"https:\/\/actuslaw.ca\/fr\/droit-de-la-famille\/","og_locale":"fr_FR","og_type":"article","og_title":"Droit de la famille - Actus Law Droit","og_description":"Avocats en droit de la famille","og_url":"https:\/\/actuslaw.ca\/fr\/droit-de-la-famille\/","og_site_name":"Actus Law Droit","article_publisher":"https:\/\/www.facebook.com\/actuslawdroit\/","article_modified_time":"2024-07-03T18:45:58+00:00","twitter_card":"summary_large_image","twitter_misc":{"Dur\u00e9e de lecture estim\u00e9e":"1 minute"},"schema":{"@context":"https:\/\/schema.org","@graph":[{"@type":"WebPage","@id":"https:\/\/actuslaw.ca\/fr\/droit-de-la-famille\/","url":"https:\/\/actuslaw.ca\/fr\/droit-de-la-famille\/","name":"Droit de la famille - Actus Law Droit","isPartOf":{"@id":"https:\/\/actuslaw.ca\/fr\/#website"},"datePublished":"2023-08-04T18:04:51+00:00","dateModified":"2024-07-03T18:45:58+00:00","breadcrumb":{"@id":"https:\/\/actuslaw.ca\/fr\/droit-de-la-famille\/#breadcrumb"},"inLanguage":"fr-FR","potentialAction":[{"@type":"ReadAction","target":["https:\/\/actuslaw.ca\/fr\/droit-de-la-famille\/"]}]},{"@type":"BreadcrumbList","@id":"https:\/\/actuslaw.ca\/fr\/droit-de-la-famille\/#breadcrumb","itemListElement":[{"@type":"ListItem","position":1,"name":"Home","item":"https:\/\/actuslaw.ca\/fr\/"},{"@type":"ListItem","position":2,"name":"Droit de la famille"}]},{"@type":"WebSite","@id":"https:\/\/actuslaw.ca\/fr\/#website","url":"https:\/\/actuslaw.ca\/fr\/","name":"Actus Law Droit","description":"","publisher":{"@id":"https:\/\/actuslaw.ca\/fr\/#organization"},"potentialAction":[{"@type":"SearchAction","target":{"@type":"EntryPoint","urlTemplate":"https:\/\/actuslaw.ca\/fr\/?s={search_term_string}"},"query-input":{"@type":"PropertyValueSpecification","valueRequired":true,"valueName":"search_term_string"}}],"inLanguage":"fr-FR"},{"@type":"Organization","@id":"https:\/\/actuslaw.ca\/fr\/#organization","name":"Actus Law Droit","url":"https:\/\/actuslaw.ca\/fr\/","logo":{"@type":"ImageObject","inLanguage":"fr-FR","@id":"https:\/\/actuslaw.ca\/fr\/#\/schema\/logo\/image\/","url":"https:\/\/actuslaw.ca\/wp-content\/uploads\/2023\/06\/actus-logo-vector.svg","contentUrl":"https:\/\/actuslaw.ca\/wp-content\/uploads\/2023\/06\/actus-logo-vector.svg","width":633,"height":345,"caption":"Actus Law Droit"},"image":{"@id":"https:\/\/actuslaw.ca\/fr\/#\/schema\/logo\/image\/"},"sameAs":["https:\/\/www.facebook.com\/actuslawdroit\/"]}]}},"_links":{"self":[{"href":"https:\/\/actuslaw.ca\/fr\/wp-json\/wp\/v2\/pages\/873","targetHints":{"allow":["GET"]}}],"collection":[{"href":"https:\/\/actuslaw.ca\/fr\/wp-json\/wp\/v2\/pages"}],"about":[{"href":"https:\/\/actuslaw.ca\/fr\/wp-json\/wp\/v2\/types\/page"}],"author":[{"embeddable":true,"href":"https:\/\/actuslaw.ca\/fr\/wp-json\/wp\/v2\/users\/2"}],"replies":[{"embeddable":true,"href":"https:\/\/actuslaw.ca\/fr\/wp-json\/wp\/v2\/comments?post=873"}],"version-history":[{"count":6,"href":"https:\/\/actuslaw.ca\/fr\/wp-json\/wp\/v2\/pages\/873\/revisions"}],"predecessor-version":[{"id":1154,"href":"https:\/\/actuslaw.ca\/fr\/wp-json\/wp\/v2\/pages\/873\/revisions\/1154"}],"wp:attachment":[{"href":"https:\/\/actuslaw.ca\/fr\/wp-json\/wp\/v2\/media?parent=873"}],"curies":[{"name":"wp","href":"https:\/\/api.w.org\/{rel}","templated":true}]}}