{"id":869,"date":"2023-08-04T15:04:50","date_gmt":"2023-08-04T18:04:50","guid":{"rendered":"http:\/\/dev4.corazzamarketing.ca\/droit-des-societes-commercial-et-immobilier\/"},"modified":"2024-07-03T15:44:08","modified_gmt":"2024-07-03T18:44:08","slug":"droit-des-societes-commercial-et-immobilier","status":"publish","type":"page","link":"https:\/\/actuslaw.ca\/fr\/droit-des-societes-commercial-et-immobilier\/","title":{"rendered":"Droit des soci\u00e9t\u00e9s, commercial et immobilier"},"content":{"rendered":"<div class=\"gb-container gb-container-30af72ea\">\n<div class=\"gb-container gb-container-7dace7cc\">\n<div class=\"gb-grid-wrapper gb-grid-wrapper-0324992a\">\n<div class=\"gb-grid-column gb-grid-column-21c4903e\"><div class=\"gb-container gb-container-21c4903e\">\n\n<h3 class=\"gb-headline gb-headline-24f89e81 gb-headline-text\">Notre cabinet diversifi\u00e9 en droit corporatif, en droit commercial et en droit immobilier, tant commercial que r\u00e9sidentiel est constitu\u00e9 d\u2019une \u00e9quipe d\u2019avocats chevronn\u00e9s. Nous saurons vous aider \u00e0 r\u00e9gler une diversit\u00e9 de questions juridiques, dans plusieurs domaines, notamment : <\/h3>\n\n\n\n<ul class=\"wp-block-list\">\n<li><strong>Enregistrement d&rsquo;une appellation commerciale ou de soci\u00e9t\u00e9s \u00e0 but non lucratif<\/strong><\/li>\n\n\n\n<li><strong>Constitution en corporation<\/strong><\/li>\n\n\n\n<li><strong>Planification d\u2019entreprise<\/strong><\/li>\n\n\n\n<li><strong>Ententes entre actionnaires et contrats d\u2019association<\/strong><\/li>\n\n\n\n<li><strong>Examens organisationnels<\/strong><\/li>\n\n\n\n<li><strong>Achats et ventes d\u2019actions ou d\u2019actifs<\/strong><\/li>\n\n\n\n<li><strong>Immobilier commercial et r\u00e9sidentiel<\/strong><\/li>\n\n\n\n<li><strong>Financement d\u2019achats et de ventes<\/strong><\/li>\n<\/ul>\n\n<\/div><\/div>\n\n<div class=\"gb-grid-column gb-grid-column-0275c3d9\"><div class=\"gb-container gb-container-0275c3d9\">\n\n<p>Notre \u00e9quipe d\u2019exp\u00e9rience traite de ces types de dossiers r\u00e9guli\u00e8rement et nous sommes donc en mesure de donner \u00e0 nos clients les meilleurs conseils possibles. <\/p>\n\n\n\n<p>Chez Actus Law Droit, chaque client b\u00e9n\u00e9ficie de conseils adapt\u00e9s \u00e0 ses besoins particuliers; aucun dossier n\u2019est trop simple ou trop complexe. Par l&rsquo;entremise de notre exp\u00e9rience, nous offrons \u00e0 nos clients des conseils pour leur permettre d\u2019\u00e9viter des emb\u00fbches ult\u00e9rieures. Chaque domaine de droit comporte de nombreuses variables. Chaque transaction est unique mais nous sommes convaincus que notre \u00e9quipe d&rsquo;exp\u00e9rience a fort probablement d\u00e9j\u00e0 compos\u00e9 avec des dossiers similaires. Nous veillerons \u00e0 ce que les personnes les mieux plac\u00e9es pour r\u00e9pondre \u00e0 vos besoins traitent vos dossiers, qu\u2019il s\u2019agisse des avocats, des stagiaires en droit, des techniciens juridiques, ou du personnel administratif. Cette fa\u00e7on de proc\u00e9der assure la qualit\u00e9 de nos services sans en diminuer la rentabilit\u00e9.<\/p>\n\n\n\n<p>Nous collaborerons avec vous d\u00e8s le d\u00e9but et fixerons vos attentes, ce qui comprend l\u2019\u00e9tablissement d\u2019un budget, afin de r\u00e9pondre \u00e0 vos besoins.<\/p>\n\n<\/div><\/div>\n<\/div>\n<\/div>\n<\/div>\n<h2 class=\"gb-headline gb-headline-fbdc97e9 gb-headline-text\">Avocats en droit des soci\u00e9t\u00e9s, commercial et immobilier<\/h2>\n\n<div class=\"gb-grid-wrapper gb-grid-wrapper-d911d59e gb-query-loop-wrapper\">\n<div class=\"gb-grid-column gb-grid-column-4ecff85e gb-query-loop-item post-928 lawyer type-lawyer status-publish has-post-thumbnail hentry practice-area-assurances-blessures-corporelles practice-area-droit-des-societes-commercial-et-immobilier practice-area-litige-et-resolution-de-conflits\"><div class=\"gb-container gb-container-4ecff85e\">\n<figure class=\"gb-block-image gb-block-image-51cc2ca9\"><a href=\"https:\/\/actuslaw.ca\/fr\/lawyer\/robert-goguen-c-r\/\"><img loading=\"lazy\" decoding=\"async\" width=\"1024\" height=\"768\" src=\"https:\/\/actuslaw.ca\/wp-content\/uploads\/2023\/09\/robert-goguen-1024x768.jpg\" class=\"gb-image-51cc2ca9\" alt=\"\" srcset=\"https:\/\/actuslaw.ca\/wp-content\/uploads\/2023\/09\/robert-goguen-1024x768.jpg 1024w, https:\/\/actuslaw.ca\/wp-content\/uploads\/2023\/09\/robert-goguen-300x225.jpg 300w, https:\/\/actuslaw.ca\/wp-content\/uploads\/2023\/09\/robert-goguen-768x576.jpg 768w, https:\/\/actuslaw.ca\/wp-content\/uploads\/2023\/09\/robert-goguen-1536x1152.jpg 1536w, https:\/\/actuslaw.ca\/wp-content\/uploads\/2023\/09\/robert-goguen-2048x1536.jpg 2048w\" sizes=\"auto, (max-width: 1024px) 100vw, 1024px\" \/><\/a><\/figure>\n\n<h3 class=\"gb-headline gb-headline-e89ae3de gb-headline-text\"><a href=\"https:\/\/actuslaw.ca\/fr\/lawyer\/robert-goguen-c-r\/\">Robert R. Goguen, c.r.<\/a><\/h3>\n<\/div><\/div>\n\n<div class=\"gb-grid-column gb-grid-column-4ecff85e gb-query-loop-item post-925 lawyer type-lawyer status-publish has-post-thumbnail hentry practice-area-droit-des-societes-commercial-et-immobilier practice-area-immobilier practice-area-testaments-et-successions\"><div class=\"gb-container gb-container-4ecff85e\">\n<figure class=\"gb-block-image gb-block-image-51cc2ca9\"><a href=\"https:\/\/actuslaw.ca\/fr\/lawyer\/shawn-r-dempsey-c-r\/\"><img loading=\"lazy\" decoding=\"async\" width=\"1024\" height=\"768\" src=\"https:\/\/actuslaw.ca\/wp-content\/uploads\/2023\/09\/Shawn-Low-Res-online-use-1024x768.jpg\" class=\"gb-image-51cc2ca9\" alt=\"\" srcset=\"https:\/\/actuslaw.ca\/wp-content\/uploads\/2023\/09\/Shawn-Low-Res-online-use-1024x768.jpg 1024w, https:\/\/actuslaw.ca\/wp-content\/uploads\/2023\/09\/Shawn-Low-Res-online-use-300x225.jpg 300w, https:\/\/actuslaw.ca\/wp-content\/uploads\/2023\/09\/Shawn-Low-Res-online-use-768x576.jpg 768w, https:\/\/actuslaw.ca\/wp-content\/uploads\/2023\/09\/Shawn-Low-Res-online-use.jpg 1520w\" sizes=\"auto, (max-width: 1024px) 100vw, 1024px\" \/><\/a><\/figure>\n\n<h3 class=\"gb-headline gb-headline-e89ae3de gb-headline-text\"><a href=\"https:\/\/actuslaw.ca\/fr\/lawyer\/shawn-r-dempsey-c-r\/\">Shawn R. Dempsey, c.r.<\/a><\/h3>\n<\/div><\/div>\n\n<div class=\"gb-grid-column gb-grid-column-4ecff85e gb-query-loop-item post-924 lawyer type-lawyer status-publish has-post-thumbnail hentry practice-area-droit-des-societes-commercial-et-immobilier practice-area-litige-et-resolution-de-conflits practice-area-testaments-et-successions\"><div class=\"gb-container gb-container-4ecff85e\">\n<figure class=\"gb-block-image gb-block-image-51cc2ca9\"><a href=\"https:\/\/actuslaw.ca\/fr\/lawyer\/rene-j-basque-c-r\/\"><img loading=\"lazy\" decoding=\"async\" width=\"1024\" height=\"768\" src=\"https:\/\/actuslaw.ca\/wp-content\/uploads\/2023\/08\/DDE9922-1024x768.jpg\" class=\"gb-image-51cc2ca9\" alt=\"\" srcset=\"https:\/\/actuslaw.ca\/wp-content\/uploads\/2023\/08\/DDE9922-1024x768.jpg 1024w, https:\/\/actuslaw.ca\/wp-content\/uploads\/2023\/08\/DDE9922-300x225.jpg 300w, https:\/\/actuslaw.ca\/wp-content\/uploads\/2023\/08\/DDE9922-768x576.jpg 768w, https:\/\/actuslaw.ca\/wp-content\/uploads\/2023\/08\/DDE9922.jpg 1520w\" sizes=\"auto, (max-width: 1024px) 100vw, 1024px\" \/><\/a><\/figure>\n\n<h3 class=\"gb-headline gb-headline-e89ae3de gb-headline-text\"><a href=\"https:\/\/actuslaw.ca\/fr\/lawyer\/rene-j-basque-c-r\/\">Ren\u00e9 J. Basque, c.r.<\/a><\/h3>\n<\/div><\/div>\n\n<div class=\"gb-grid-column gb-grid-column-4ecff85e gb-query-loop-item post-935 lawyer type-lawyer status-publish has-post-thumbnail hentry practice-area-droit-des-societes-commercial-et-immobilier practice-area-immobilier\"><div class=\"gb-container gb-container-4ecff85e\">\n<figure class=\"gb-block-image gb-block-image-51cc2ca9\"><a href=\"https:\/\/actuslaw.ca\/fr\/lawyer\/bradley-k-condon\/\"><img loading=\"lazy\" decoding=\"async\" width=\"1024\" height=\"768\" src=\"https:\/\/actuslaw.ca\/wp-content\/uploads\/2025\/02\/M7A1585-1-1024x768.jpg\" class=\"gb-image-51cc2ca9\" alt=\"\" srcset=\"https:\/\/actuslaw.ca\/wp-content\/uploads\/2025\/02\/M7A1585-1-1024x768.jpg 1024w, https:\/\/actuslaw.ca\/wp-content\/uploads\/2025\/02\/M7A1585-1-300x225.jpg 300w, https:\/\/actuslaw.ca\/wp-content\/uploads\/2025\/02\/M7A1585-1-768x576.jpg 768w, https:\/\/actuslaw.ca\/wp-content\/uploads\/2025\/02\/M7A1585-1.jpg 1520w\" sizes=\"auto, (max-width: 1024px) 100vw, 1024px\" \/><\/a><\/figure>\n\n<h3 class=\"gb-headline gb-headline-e89ae3de gb-headline-text\"><a href=\"https:\/\/actuslaw.ca\/fr\/lawyer\/bradley-k-condon\/\">Bradley K. Condon<\/a><\/h3>\n<\/div><\/div>\n\n<div class=\"gb-grid-column gb-grid-column-4ecff85e gb-query-loop-item post-926 lawyer type-lawyer status-publish has-post-thumbnail hentry practice-area-droit-des-societes-commercial-et-immobilier practice-area-immobilier practice-area-testaments-et-successions\"><div class=\"gb-container gb-container-4ecff85e\">\n<figure class=\"gb-block-image gb-block-image-51cc2ca9\"><a href=\"https:\/\/actuslaw.ca\/fr\/lawyer\/marie-christine-pierre\/\"><img loading=\"lazy\" decoding=\"async\" width=\"1024\" height=\"768\" src=\"https:\/\/actuslaw.ca\/wp-content\/uploads\/2023\/09\/MCP-High-Res-print-use.jpg-2-1024x768.jpg\" class=\"gb-image-51cc2ca9\" alt=\"\" srcset=\"https:\/\/actuslaw.ca\/wp-content\/uploads\/2023\/09\/MCP-High-Res-print-use.jpg-2-1024x768.jpg 1024w, https:\/\/actuslaw.ca\/wp-content\/uploads\/2023\/09\/MCP-High-Res-print-use.jpg-2-300x225.jpg 300w, https:\/\/actuslaw.ca\/wp-content\/uploads\/2023\/09\/MCP-High-Res-print-use.jpg-2-768x576.jpg 768w, https:\/\/actuslaw.ca\/wp-content\/uploads\/2023\/09\/MCP-High-Res-print-use.jpg-2-1536x1152.jpg 1536w, https:\/\/actuslaw.ca\/wp-content\/uploads\/2023\/09\/MCP-High-Res-print-use.jpg-2-2048x1536.jpg 2048w\" sizes=\"auto, (max-width: 1024px) 100vw, 1024px\" \/><\/a><\/figure>\n\n<h3 class=\"gb-headline gb-headline-e89ae3de gb-headline-text\"><a href=\"https:\/\/actuslaw.ca\/fr\/lawyer\/marie-christine-pierre\/\">Marie-Christine Pierre<\/a><\/h3>\n<\/div><\/div>\n\n<div class=\"gb-grid-column gb-grid-column-4ecff85e gb-query-loop-item post-929 lawyer type-lawyer status-publish has-post-thumbnail hentry practice-area-droit-des-societes-commercial-et-immobilier\"><div class=\"gb-container gb-container-4ecff85e\">\n<figure class=\"gb-block-image gb-block-image-51cc2ca9\"><a href=\"https:\/\/actuslaw.ca\/fr\/lawyer\/rachel-chiasson\/\"><img loading=\"lazy\" decoding=\"async\" width=\"1024\" height=\"683\" src=\"https:\/\/actuslaw.ca\/wp-content\/uploads\/2023\/09\/Rachel-Chiasson-021-Edit-Grey-Copy-1024x683.jpg\" class=\"gb-image-51cc2ca9\" alt=\"\" srcset=\"https:\/\/actuslaw.ca\/wp-content\/uploads\/2023\/09\/Rachel-Chiasson-021-Edit-Grey-Copy-1024x683.jpg 1024w, https:\/\/actuslaw.ca\/wp-content\/uploads\/2023\/09\/Rachel-Chiasson-021-Edit-Grey-Copy-300x200.jpg 300w, https:\/\/actuslaw.ca\/wp-content\/uploads\/2023\/09\/Rachel-Chiasson-021-Edit-Grey-Copy-768x512.jpg 768w, https:\/\/actuslaw.ca\/wp-content\/uploads\/2023\/09\/Rachel-Chiasson-021-Edit-Grey-Copy-1536x1024.jpg 1536w, https:\/\/actuslaw.ca\/wp-content\/uploads\/2023\/09\/Rachel-Chiasson-021-Edit-Grey-Copy-2048x1366.jpg 2048w\" sizes=\"auto, (max-width: 1024px) 100vw, 1024px\" \/><\/a><\/figure>\n\n<h3 class=\"gb-headline gb-headline-e89ae3de gb-headline-text\"><a href=\"https:\/\/actuslaw.ca\/fr\/lawyer\/rachel-chiasson\/\">Rachel Chiasson<\/a><\/h3>\n<\/div><\/div>\n\n<div class=\"gb-grid-column gb-grid-column-4ecff85e gb-query-loop-item post-934 lawyer type-lawyer status-publish has-post-thumbnail hentry practice-area-droit-des-societes-commercial-et-immobilier practice-area-immobilier practice-area-testaments-et-successions\"><div class=\"gb-container gb-container-4ecff85e\">\n<figure class=\"gb-block-image gb-block-image-51cc2ca9\"><a href=\"https:\/\/actuslaw.ca\/fr\/lawyer\/chelsey-brussard\/\"><img loading=\"lazy\" decoding=\"async\" width=\"1024\" height=\"768\" src=\"https:\/\/actuslaw.ca\/wp-content\/uploads\/2023\/09\/Chelsey-Brussard-High-Res-print-use-1024x768.jpg\" class=\"gb-image-51cc2ca9\" alt=\"\" srcset=\"https:\/\/actuslaw.ca\/wp-content\/uploads\/2023\/09\/Chelsey-Brussard-High-Res-print-use-1024x768.jpg 1024w, https:\/\/actuslaw.ca\/wp-content\/uploads\/2023\/09\/Chelsey-Brussard-High-Res-print-use-300x225.jpg 300w, https:\/\/actuslaw.ca\/wp-content\/uploads\/2023\/09\/Chelsey-Brussard-High-Res-print-use-768x576.jpg 768w, https:\/\/actuslaw.ca\/wp-content\/uploads\/2023\/09\/Chelsey-Brussard-High-Res-print-use-1536x1152.jpg 1536w, https:\/\/actuslaw.ca\/wp-content\/uploads\/2023\/09\/Chelsey-Brussard-High-Res-print-use-2048x1536.jpg 2048w\" sizes=\"auto, (max-width: 1024px) 100vw, 1024px\" \/><\/a><\/figure>\n\n<h3 class=\"gb-headline gb-headline-e89ae3de gb-headline-text\"><a href=\"https:\/\/actuslaw.ca\/fr\/lawyer\/chelsey-brussard\/\">Chelsey Brussard<\/a><\/h3>\n<\/div><\/div>\n<\/div>\n","protected":false},"excerpt":{"rendered":"<p>Avocats en droit des soci\u00e9t\u00e9s, commercial et immobilier<\/p>\n","protected":false},"author":2,"featured_media":0,"parent":0,"menu_order":0,"comment_status":"closed","ping_status":"closed","template":"","meta":{"_acf_changed":false,"footnotes":""},"class_list":["post-869","page","type-page","status-publish"],"acf":[],"yoast_head":"<!-- This site is optimized with the Yoast SEO plugin v27.4 - https:\/\/yoast.com\/product\/yoast-seo-wordpress\/ -->\n<title>Droit des soci\u00e9t\u00e9s, commercial et immobilier - Actus Law Droit<\/title>\n<meta name=\"robots\" content=\"index, follow, max-snippet:-1, max-image-preview:large, max-video-preview:-1\" \/>\n<link rel=\"canonical\" href=\"https:\/\/actuslaw.ca\/fr\/droit-des-societes-commercial-et-immobilier\/\" \/>\n<meta property=\"og:locale\" content=\"fr_FR\" \/>\n<meta property=\"og:type\" content=\"article\" \/>\n<meta property=\"og:title\" content=\"Droit des soci\u00e9t\u00e9s, commercial et immobilier - Actus Law Droit\" \/>\n<meta property=\"og:description\" content=\"Avocats en droit des soci\u00e9t\u00e9s, commercial et immobilier\" \/>\n<meta property=\"og:url\" content=\"https:\/\/actuslaw.ca\/fr\/droit-des-societes-commercial-et-immobilier\/\" \/>\n<meta property=\"og:site_name\" content=\"Actus Law Droit\" \/>\n<meta property=\"article:publisher\" content=\"https:\/\/www.facebook.com\/actuslawdroit\/\" \/>\n<meta property=\"article:modified_time\" content=\"2024-07-03T18:44:08+00:00\" \/>\n<meta name=\"twitter:card\" content=\"summary_large_image\" \/>\n<meta name=\"twitter:label1\" content=\"Dur\u00e9e de lecture estim\u00e9e\" \/>\n\t<meta name=\"twitter:data1\" content=\"1 minute\" \/>\n<script type=\"application\/ld+json\" class=\"yoast-schema-graph\">{\"@context\":\"https:\\\/\\\/schema.org\",\"@graph\":[{\"@type\":\"WebPage\",\"@id\":\"https:\\\/\\\/actuslaw.ca\\\/fr\\\/droit-des-societes-commercial-et-immobilier\\\/\",\"url\":\"https:\\\/\\\/actuslaw.ca\\\/fr\\\/droit-des-societes-commercial-et-immobilier\\\/\",\"name\":\"Droit des soci\u00e9t\u00e9s, commercial et immobilier - Actus Law Droit\",\"isPartOf\":{\"@id\":\"https:\\\/\\\/actuslaw.ca\\\/fr\\\/#website\"},\"datePublished\":\"2023-08-04T18:04:50+00:00\",\"dateModified\":\"2024-07-03T18:44:08+00:00\",\"breadcrumb\":{\"@id\":\"https:\\\/\\\/actuslaw.ca\\\/fr\\\/droit-des-societes-commercial-et-immobilier\\\/#breadcrumb\"},\"inLanguage\":\"fr-FR\",\"potentialAction\":[{\"@type\":\"ReadAction\",\"target\":[\"https:\\\/\\\/actuslaw.ca\\\/fr\\\/droit-des-societes-commercial-et-immobilier\\\/\"]}]},{\"@type\":\"BreadcrumbList\",\"@id\":\"https:\\\/\\\/actuslaw.ca\\\/fr\\\/droit-des-societes-commercial-et-immobilier\\\/#breadcrumb\",\"itemListElement\":[{\"@type\":\"ListItem\",\"position\":1,\"name\":\"Home\",\"item\":\"https:\\\/\\\/actuslaw.ca\\\/fr\\\/\"},{\"@type\":\"ListItem\",\"position\":2,\"name\":\"Droit des soci\u00e9t\u00e9s, commercial et immobilier\"}]},{\"@type\":\"WebSite\",\"@id\":\"https:\\\/\\\/actuslaw.ca\\\/fr\\\/#website\",\"url\":\"https:\\\/\\\/actuslaw.ca\\\/fr\\\/\",\"name\":\"Actus Law Droit\",\"description\":\"\",\"publisher\":{\"@id\":\"https:\\\/\\\/actuslaw.ca\\\/fr\\\/#organization\"},\"potentialAction\":[{\"@type\":\"SearchAction\",\"target\":{\"@type\":\"EntryPoint\",\"urlTemplate\":\"https:\\\/\\\/actuslaw.ca\\\/fr\\\/?s={search_term_string}\"},\"query-input\":{\"@type\":\"PropertyValueSpecification\",\"valueRequired\":true,\"valueName\":\"search_term_string\"}}],\"inLanguage\":\"fr-FR\"},{\"@type\":\"Organization\",\"@id\":\"https:\\\/\\\/actuslaw.ca\\\/fr\\\/#organization\",\"name\":\"Actus Law Droit\",\"url\":\"https:\\\/\\\/actuslaw.ca\\\/fr\\\/\",\"logo\":{\"@type\":\"ImageObject\",\"inLanguage\":\"fr-FR\",\"@id\":\"https:\\\/\\\/actuslaw.ca\\\/fr\\\/#\\\/schema\\\/logo\\\/image\\\/\",\"url\":\"https:\\\/\\\/actuslaw.ca\\\/wp-content\\\/uploads\\\/2023\\\/06\\\/actus-logo-vector.svg\",\"contentUrl\":\"https:\\\/\\\/actuslaw.ca\\\/wp-content\\\/uploads\\\/2023\\\/06\\\/actus-logo-vector.svg\",\"width\":633,\"height\":345,\"caption\":\"Actus Law Droit\"},\"image\":{\"@id\":\"https:\\\/\\\/actuslaw.ca\\\/fr\\\/#\\\/schema\\\/logo\\\/image\\\/\"},\"sameAs\":[\"https:\\\/\\\/www.facebook.com\\\/actuslawdroit\\\/\"]}]}<\/script>\n<!-- \/ Yoast SEO plugin. -->","yoast_head_json":{"title":"Droit des soci\u00e9t\u00e9s, commercial et immobilier - Actus Law Droit","robots":{"index":"index","follow":"follow","max-snippet":"max-snippet:-1","max-image-preview":"max-image-preview:large","max-video-preview":"max-video-preview:-1"},"canonical":"https:\/\/actuslaw.ca\/fr\/droit-des-societes-commercial-et-immobilier\/","og_locale":"fr_FR","og_type":"article","og_title":"Droit des soci\u00e9t\u00e9s, commercial et immobilier - Actus Law Droit","og_description":"Avocats en droit des soci\u00e9t\u00e9s, commercial et immobilier","og_url":"https:\/\/actuslaw.ca\/fr\/droit-des-societes-commercial-et-immobilier\/","og_site_name":"Actus Law Droit","article_publisher":"https:\/\/www.facebook.com\/actuslawdroit\/","article_modified_time":"2024-07-03T18:44:08+00:00","twitter_card":"summary_large_image","twitter_misc":{"Dur\u00e9e de lecture estim\u00e9e":"1 minute"},"schema":{"@context":"https:\/\/schema.org","@graph":[{"@type":"WebPage","@id":"https:\/\/actuslaw.ca\/fr\/droit-des-societes-commercial-et-immobilier\/","url":"https:\/\/actuslaw.ca\/fr\/droit-des-societes-commercial-et-immobilier\/","name":"Droit des soci\u00e9t\u00e9s, commercial et immobilier - Actus Law Droit","isPartOf":{"@id":"https:\/\/actuslaw.ca\/fr\/#website"},"datePublished":"2023-08-04T18:04:50+00:00","dateModified":"2024-07-03T18:44:08+00:00","breadcrumb":{"@id":"https:\/\/actuslaw.ca\/fr\/droit-des-societes-commercial-et-immobilier\/#breadcrumb"},"inLanguage":"fr-FR","potentialAction":[{"@type":"ReadAction","target":["https:\/\/actuslaw.ca\/fr\/droit-des-societes-commercial-et-immobilier\/"]}]},{"@type":"BreadcrumbList","@id":"https:\/\/actuslaw.ca\/fr\/droit-des-societes-commercial-et-immobilier\/#breadcrumb","itemListElement":[{"@type":"ListItem","position":1,"name":"Home","item":"https:\/\/actuslaw.ca\/fr\/"},{"@type":"ListItem","position":2,"name":"Droit des soci\u00e9t\u00e9s, commercial et immobilier"}]},{"@type":"WebSite","@id":"https:\/\/actuslaw.ca\/fr\/#website","url":"https:\/\/actuslaw.ca\/fr\/","name":"Actus Law Droit","description":"","publisher":{"@id":"https:\/\/actuslaw.ca\/fr\/#organization"},"potentialAction":[{"@type":"SearchAction","target":{"@type":"EntryPoint","urlTemplate":"https:\/\/actuslaw.ca\/fr\/?s={search_term_string}"},"query-input":{"@type":"PropertyValueSpecification","valueRequired":true,"valueName":"search_term_string"}}],"inLanguage":"fr-FR"},{"@type":"Organization","@id":"https:\/\/actuslaw.ca\/fr\/#organization","name":"Actus Law Droit","url":"https:\/\/actuslaw.ca\/fr\/","logo":{"@type":"ImageObject","inLanguage":"fr-FR","@id":"https:\/\/actuslaw.ca\/fr\/#\/schema\/logo\/image\/","url":"https:\/\/actuslaw.ca\/wp-content\/uploads\/2023\/06\/actus-logo-vector.svg","contentUrl":"https:\/\/actuslaw.ca\/wp-content\/uploads\/2023\/06\/actus-logo-vector.svg","width":633,"height":345,"caption":"Actus Law Droit"},"image":{"@id":"https:\/\/actuslaw.ca\/fr\/#\/schema\/logo\/image\/"},"sameAs":["https:\/\/www.facebook.com\/actuslawdroit\/"]}]}},"_links":{"self":[{"href":"https:\/\/actuslaw.ca\/fr\/wp-json\/wp\/v2\/pages\/869","targetHints":{"allow":["GET"]}}],"collection":[{"href":"https:\/\/actuslaw.ca\/fr\/wp-json\/wp\/v2\/pages"}],"about":[{"href":"https:\/\/actuslaw.ca\/fr\/wp-json\/wp\/v2\/types\/page"}],"author":[{"embeddable":true,"href":"https:\/\/actuslaw.ca\/fr\/wp-json\/wp\/v2\/users\/2"}],"replies":[{"embeddable":true,"href":"https:\/\/actuslaw.ca\/fr\/wp-json\/wp\/v2\/comments?post=869"}],"version-history":[{"count":6,"href":"https:\/\/actuslaw.ca\/fr\/wp-json\/wp\/v2\/pages\/869\/revisions"}],"predecessor-version":[{"id":1149,"href":"https:\/\/actuslaw.ca\/fr\/wp-json\/wp\/v2\/pages\/869\/revisions\/1149"}],"wp:attachment":[{"href":"https:\/\/actuslaw.ca\/fr\/wp-json\/wp\/v2\/media?parent=869"}],"curies":[{"name":"wp","href":"https:\/\/api.w.org\/{rel}","templated":true}]}}